{"id":3080,"date":"2026-01-02T18:28:20","date_gmt":"2026-01-02T17:28:20","guid":{"rendered":"https:\/\/sucsucwine.com\/?post_type=product&#038;p=3080"},"modified":"2026-03-26T10:27:47","modified_gmt":"2026-03-26T09:27:47","slug":"regiones-del-vino-natural-parte-1-espana-francia-italia","status":"publish","type":"product","link":"https:\/\/sucsucwine.com\/en\/producto\/regiones-del-vino-natural-parte-1-espana-francia-italia\/","title":{"rendered":"CURSO: ATLAS DEL VINO NATURAL &#8211; ESPA\u00d1A, FRANCIA &#038; ITALIA"},"content":{"rendered":"<p>Un curso mirando al fondo la geograf\u00eda y cultura de las regiones del vino natural que tenemos m\u00e1s cerca de Barcelona\u2014Catalunya, Espa\u00f1a, Francia e Italia. Explorar los grandes productores de vino (natural) del mundo.<\/p>\n","protected":false},"excerpt":{"rendered":"<p>Un curso mirando al fondo la geograf\u00eda y cultura de las regiones del vino natural que tenemos m\u00e1s cerca de Barcelona\u2014Catalunya, Espa\u00f1a, Francia e Italia. Explorar los grandes productores de vino (natural) del mundo.<\/p>\n","protected":false},"featured_media":3092,"comment_status":"closed","ping_status":"closed","template":"","meta":{"_acf_changed":false,"_et_pb_use_builder":"","_et_pb_old_content":"","_et_gb_content_width":"","inline_featured_image":false},"product_brand":[],"product_cat":[29],"product_tag":[],"class_list":{"0":"post-3080","1":"product","2":"type-product","3":"status-publish","4":"has-post-thumbnail","6":"product_cat-courses","8":"first","9":"instock","10":"virtual","11":"taxable","12":"purchasable","13":"product-type-simple"},"acf":[],"yoast_head":"<!-- This site is optimized with the Yoast SEO plugin v27.5 - https:\/\/yoast.com\/product\/yoast-seo-wordpress\/ -->\n<title>Curso: Explorar Las Regiones del Vino Natural<\/title>\n<meta name=\"description\" content=\"Un curso intensivo de 10 semanas en Barcelona que cubre los vinos de las 3 grandes regiones del vino natural: Espa\u00f1a, Italia y Francia.\" \/>\n<meta name=\"robots\" content=\"index, follow, max-snippet:-1, max-image-preview:large, max-video-preview:-1\" \/>\n<link rel=\"canonical\" href=\"https:\/\/sucsucwine.com\/en\/producto\/regiones-del-vino-natural-parte-1-espana-francia-italia\/\" \/>\n<meta property=\"og:locale\" content=\"en_US\" \/>\n<meta property=\"og:type\" content=\"article\" \/>\n<meta property=\"og:title\" content=\"Curso: Explorar Las Regiones del Vino Natural\" \/>\n<meta property=\"og:description\" content=\"Un curso intensivo de 10 semanas en Barcelona que cubre los vinos de las 3 grandes regiones del vino natural: Espa\u00f1a, Italia y Francia.\" \/>\n<meta property=\"og:url\" content=\"https:\/\/sucsucwine.com\/en\/producto\/regiones-del-vino-natural-parte-1-espana-francia-italia\/\" \/>\n<meta property=\"og:site_name\" content=\"Suc Suc Wine\" \/>\n<meta property=\"article:modified_time\" content=\"2026-03-26T09:27:47+00:00\" \/>\n<meta property=\"og:image\" content=\"https:\/\/sucsucwine.com\/wp-content\/uploads\/2024\/06\/Suc-Suc-Regiones-del-Vino-Natural.webp\" \/>\n\t<meta property=\"og:image:width\" content=\"726\" \/>\n\t<meta property=\"og:image:height\" content=\"813\" \/>\n\t<meta property=\"og:image:type\" content=\"image\/webp\" \/>\n<meta name=\"twitter:card\" content=\"summary_large_image\" \/>\n<meta name=\"twitter:label1\" content=\"Est. reading time\" \/>\n\t<meta name=\"twitter:data1\" content=\"1 minute\" \/>\n<script type=\"application\/ld+json\" class=\"yoast-schema-graph\">{\"@context\":\"https:\\\/\\\/schema.org\",\"@graph\":[{\"@type\":\"WebPage\",\"@id\":\"https:\\\/\\\/sucsucwine.com\\\/en\\\/producto\\\/regiones-del-vino-natural-parte-1-espana-francia-italia\\\/\",\"url\":\"https:\\\/\\\/sucsucwine.com\\\/en\\\/producto\\\/regiones-del-vino-natural-parte-1-espana-francia-italia\\\/\",\"name\":\"Curso: Explorar Las Regiones del Vino Natural\",\"isPartOf\":{\"@id\":\"https:\\\/\\\/sucsucwine.com\\\/#website\"},\"primaryImageOfPage\":{\"@id\":\"https:\\\/\\\/sucsucwine.com\\\/en\\\/producto\\\/regiones-del-vino-natural-parte-1-espana-francia-italia\\\/#primaryimage\"},\"image\":{\"@id\":\"https:\\\/\\\/sucsucwine.com\\\/en\\\/producto\\\/regiones-del-vino-natural-parte-1-espana-francia-italia\\\/#primaryimage\"},\"thumbnailUrl\":\"https:\\\/\\\/sucsucwine.com\\\/wp-content\\\/uploads\\\/2024\\\/06\\\/Suc-Suc-Regiones-del-Vino-Natural.webp\",\"datePublished\":\"2026-01-02T17:28:20+00:00\",\"dateModified\":\"2026-03-26T09:27:47+00:00\",\"description\":\"Un curso intensivo de 10 semanas en Barcelona que cubre los vinos de las 3 grandes regiones del vino natural: Espa\u00f1a, Italia y Francia.\",\"breadcrumb\":{\"@id\":\"https:\\\/\\\/sucsucwine.com\\\/en\\\/producto\\\/regiones-del-vino-natural-parte-1-espana-francia-italia\\\/#breadcrumb\"},\"inLanguage\":\"en-US\",\"potentialAction\":[{\"@type\":\"ReadAction\",\"target\":[\"https:\\\/\\\/sucsucwine.com\\\/en\\\/producto\\\/regiones-del-vino-natural-parte-1-espana-francia-italia\\\/\"]}]},{\"@type\":\"ImageObject\",\"inLanguage\":\"en-US\",\"@id\":\"https:\\\/\\\/sucsucwine.com\\\/en\\\/producto\\\/regiones-del-vino-natural-parte-1-espana-francia-italia\\\/#primaryimage\",\"url\":\"https:\\\/\\\/sucsucwine.com\\\/wp-content\\\/uploads\\\/2024\\\/06\\\/Suc-Suc-Regiones-del-Vino-Natural.webp\",\"contentUrl\":\"https:\\\/\\\/sucsucwine.com\\\/wp-content\\\/uploads\\\/2024\\\/06\\\/Suc-Suc-Regiones-del-Vino-Natural.webp\",\"width\":726,\"height\":813},{\"@type\":\"BreadcrumbList\",\"@id\":\"https:\\\/\\\/sucsucwine.com\\\/en\\\/producto\\\/regiones-del-vino-natural-parte-1-espana-francia-italia\\\/#breadcrumb\",\"itemListElement\":[{\"@type\":\"ListItem\",\"position\":1,\"name\":\"Portada\",\"item\":\"https:\\\/\\\/sucsucwine.com\\\/en\\\/\"},{\"@type\":\"ListItem\",\"position\":2,\"name\":\"Productos\",\"item\":\"https:\\\/\\\/sucsucwine.com\\\/es\\\/es-catas-cursos-clases-vino-natural\\\/\"},{\"@type\":\"ListItem\",\"position\":3,\"name\":\"CURSO: ATLAS DEL VINO NATURAL &#8211; ESPA\u00d1A, FRANCIA &#038; ITALIA\"}]},{\"@type\":\"WebSite\",\"@id\":\"https:\\\/\\\/sucsucwine.com\\\/#website\",\"url\":\"https:\\\/\\\/sucsucwine.com\\\/\",\"name\":\"Suc Suc Wine\",\"description\":\"Natural wine\",\"potentialAction\":[{\"@type\":\"SearchAction\",\"target\":{\"@type\":\"EntryPoint\",\"urlTemplate\":\"https:\\\/\\\/sucsucwine.com\\\/?s={search_term_string}\"},\"query-input\":{\"@type\":\"PropertyValueSpecification\",\"valueRequired\":true,\"valueName\":\"search_term_string\"}}],\"inLanguage\":\"en-US\"}]}<\/script>\n<!-- \/ Yoast SEO plugin. -->","yoast_head_json":{"title":"Curso: Explorar Las Regiones del Vino Natural","description":"Un curso intensivo de 10 semanas en Barcelona que cubre los vinos de las 3 grandes regiones del vino natural: Espa\u00f1a, Italia y Francia.","robots":{"index":"index","follow":"follow","max-snippet":"max-snippet:-1","max-image-preview":"max-image-preview:large","max-video-preview":"max-video-preview:-1"},"canonical":"https:\/\/sucsucwine.com\/en\/producto\/regiones-del-vino-natural-parte-1-espana-francia-italia\/","og_locale":"en_US","og_type":"article","og_title":"Curso: Explorar Las Regiones del Vino Natural","og_description":"Un curso intensivo de 10 semanas en Barcelona que cubre los vinos de las 3 grandes regiones del vino natural: Espa\u00f1a, Italia y Francia.","og_url":"https:\/\/sucsucwine.com\/en\/producto\/regiones-del-vino-natural-parte-1-espana-francia-italia\/","og_site_name":"Suc Suc Wine","article_modified_time":"2026-03-26T09:27:47+00:00","og_image":[{"width":726,"height":813,"url":"https:\/\/sucsucwine.com\/wp-content\/uploads\/2024\/06\/Suc-Suc-Regiones-del-Vino-Natural.webp","type":"image\/webp"}],"twitter_card":"summary_large_image","twitter_misc":{"Est. reading time":"1 minute"},"schema":{"@context":"https:\/\/schema.org","@graph":[{"@type":"WebPage","@id":"https:\/\/sucsucwine.com\/en\/producto\/regiones-del-vino-natural-parte-1-espana-francia-italia\/","url":"https:\/\/sucsucwine.com\/en\/producto\/regiones-del-vino-natural-parte-1-espana-francia-italia\/","name":"Curso: Explorar Las Regiones del Vino Natural","isPartOf":{"@id":"https:\/\/sucsucwine.com\/#website"},"primaryImageOfPage":{"@id":"https:\/\/sucsucwine.com\/en\/producto\/regiones-del-vino-natural-parte-1-espana-francia-italia\/#primaryimage"},"image":{"@id":"https:\/\/sucsucwine.com\/en\/producto\/regiones-del-vino-natural-parte-1-espana-francia-italia\/#primaryimage"},"thumbnailUrl":"https:\/\/sucsucwine.com\/wp-content\/uploads\/2024\/06\/Suc-Suc-Regiones-del-Vino-Natural.webp","datePublished":"2026-01-02T17:28:20+00:00","dateModified":"2026-03-26T09:27:47+00:00","description":"Un curso intensivo de 10 semanas en Barcelona que cubre los vinos de las 3 grandes regiones del vino natural: Espa\u00f1a, Italia y Francia.","breadcrumb":{"@id":"https:\/\/sucsucwine.com\/en\/producto\/regiones-del-vino-natural-parte-1-espana-francia-italia\/#breadcrumb"},"inLanguage":"en-US","potentialAction":[{"@type":"ReadAction","target":["https:\/\/sucsucwine.com\/en\/producto\/regiones-del-vino-natural-parte-1-espana-francia-italia\/"]}]},{"@type":"ImageObject","inLanguage":"en-US","@id":"https:\/\/sucsucwine.com\/en\/producto\/regiones-del-vino-natural-parte-1-espana-francia-italia\/#primaryimage","url":"https:\/\/sucsucwine.com\/wp-content\/uploads\/2024\/06\/Suc-Suc-Regiones-del-Vino-Natural.webp","contentUrl":"https:\/\/sucsucwine.com\/wp-content\/uploads\/2024\/06\/Suc-Suc-Regiones-del-Vino-Natural.webp","width":726,"height":813},{"@type":"BreadcrumbList","@id":"https:\/\/sucsucwine.com\/en\/producto\/regiones-del-vino-natural-parte-1-espana-francia-italia\/#breadcrumb","itemListElement":[{"@type":"ListItem","position":1,"name":"Portada","item":"https:\/\/sucsucwine.com\/en\/"},{"@type":"ListItem","position":2,"name":"Productos","item":"https:\/\/sucsucwine.com\/es\/es-catas-cursos-clases-vino-natural\/"},{"@type":"ListItem","position":3,"name":"CURSO: ATLAS DEL VINO NATURAL &#8211; ESPA\u00d1A, FRANCIA &#038; ITALIA"}]},{"@type":"WebSite","@id":"https:\/\/sucsucwine.com\/#website","url":"https:\/\/sucsucwine.com\/","name":"Suc Suc Wine","description":"Natural wine","potentialAction":[{"@type":"SearchAction","target":{"@type":"EntryPoint","urlTemplate":"https:\/\/sucsucwine.com\/?s={search_term_string}"},"query-input":{"@type":"PropertyValueSpecification","valueRequired":true,"valueName":"search_term_string"}}],"inLanguage":"en-US"}]}},"_links":{"self":[{"href":"https:\/\/sucsucwine.com\/en\/wp-json\/wp\/v2\/product\/3080","targetHints":{"allow":["GET"]}}],"collection":[{"href":"https:\/\/sucsucwine.com\/en\/wp-json\/wp\/v2\/product"}],"about":[{"href":"https:\/\/sucsucwine.com\/en\/wp-json\/wp\/v2\/types\/product"}],"replies":[{"embeddable":true,"href":"https:\/\/sucsucwine.com\/en\/wp-json\/wp\/v2\/comments?post=3080"}],"wp:featuredmedia":[{"embeddable":true,"href":"https:\/\/sucsucwine.com\/en\/wp-json\/wp\/v2\/media\/3092"}],"wp:attachment":[{"href":"https:\/\/sucsucwine.com\/en\/wp-json\/wp\/v2\/media?parent=3080"}],"wp:term":[{"taxonomy":"product_brand","embeddable":true,"href":"https:\/\/sucsucwine.com\/en\/wp-json\/wp\/v2\/product_brand?post=3080"},{"taxonomy":"product_cat","embeddable":true,"href":"https:\/\/sucsucwine.com\/en\/wp-json\/wp\/v2\/product_cat?post=3080"},{"taxonomy":"product_tag","embeddable":true,"href":"https:\/\/sucsucwine.com\/en\/wp-json\/wp\/v2\/product_tag?post=3080"}],"curies":[{"name":"wp","href":"https:\/\/api.w.org\/{rel}","templated":true}]}}