{"id":3161,"date":"2024-11-10T11:45:31","date_gmt":"2024-11-10T10:45:31","guid":{"rendered":"https:\/\/sucsucwine.com\/?post_type=product&#038;p=3161"},"modified":"2025-05-22T15:36:21","modified_gmt":"2025-05-22T13:36:21","slug":"introduccion-al-vino-natural-mayo-25","status":"publish","type":"product","link":"https:\/\/sucsucwine.com\/en\/producto\/introduccion-al-vino-natural-mayo-25\/","title":{"rendered":"INTRODUCCI\u00d3N AL VINO NATURAL &#8211; MAYO"},"content":{"rendered":"<p>Un curso jugoso sobre vino natural para iniciarse en la cata y la cultura de vino natural. Pack de 2 clases: \u00bfQu\u00e9 es el vino natural? y (Des)aprender la cata del vino natural.<\/p>\n","protected":false},"excerpt":{"rendered":"<p>Un curso jugoso sobre vino natural para iniciarse en la cata y la cultura de vino natural. Pack de 2 clases: \u00bfQu\u00e9 es el vino natural? y (Des)aprender la cata del vino natural.<\/p>\n","protected":false},"featured_media":3062,"comment_status":"closed","ping_status":"closed","template":"","meta":{"_acf_changed":false,"_et_pb_use_builder":"off","_et_pb_old_content":"A juicy course about natural wine for beginners: a day-long intensive program that will teach you what it is and why it tastes so different!","_et_gb_content_width":"","inline_featured_image":false},"product_brand":[],"product_cat":[29],"product_tag":[],"class_list":{"0":"post-3161","1":"product","2":"type-product","3":"status-publish","4":"has-post-thumbnail","6":"product_cat-courses","8":"first","9":"outofstock","10":"taxable","11":"shipping-taxable","12":"purchasable","13":"product-type-simple"},"acf":[],"yoast_head":"<!-- This site is optimized with the Yoast SEO plugin v27.4 - https:\/\/yoast.com\/product\/yoast-seo-wordpress\/ -->\n<title>Curso: Introducci\u00f3n al Vino Natural<\/title>\n<meta name=\"description\" content=\"Un curso introductorio de 2 semanas para aprender a formar criterio propio sobre qu\u00e9 es el vino natural y c\u00f3mo catar el vino natural.\" \/>\n<meta name=\"robots\" content=\"index, follow, max-snippet:-1, max-image-preview:large, max-video-preview:-1\" \/>\n<link rel=\"canonical\" href=\"https:\/\/sucsucwine.com\/en\/producto\/introduccion-al-vino-natural-mayo-25\/\" \/>\n<meta property=\"og:locale\" content=\"en_US\" \/>\n<meta property=\"og:type\" content=\"article\" \/>\n<meta property=\"og:title\" content=\"Curso: Introducci\u00f3n al Vino Natural\" \/>\n<meta property=\"og:description\" content=\"Un curso introductorio de 2 semanas para aprender a formar criterio propio sobre qu\u00e9 es el vino natural y c\u00f3mo catar el vino natural.\" \/>\n<meta property=\"og:url\" content=\"https:\/\/sucsucwine.com\/en\/producto\/introduccion-al-vino-natural-mayo-25\/\" \/>\n<meta property=\"og:site_name\" content=\"Suc Suc Wine\" \/>\n<meta property=\"article:modified_time\" content=\"2025-05-22T13:36:21+00:00\" \/>\n<meta property=\"og:image\" content=\"https:\/\/sucsucwine.com\/wp-content\/uploads\/2024\/06\/Suc-Suc-que\u0301-es-el-vino-natural-5.webp\" \/>\n\t<meta property=\"og:image:width\" content=\"645\" \/>\n\t<meta property=\"og:image:height\" content=\"698\" \/>\n\t<meta property=\"og:image:type\" content=\"image\/webp\" \/>\n<meta name=\"twitter:card\" content=\"summary_large_image\" \/>\n<meta name=\"twitter:label1\" content=\"Est. reading time\" \/>\n\t<meta name=\"twitter:data1\" content=\"1 minute\" \/>\n<script type=\"application\/ld+json\" class=\"yoast-schema-graph\">{\"@context\":\"https:\\\/\\\/schema.org\",\"@graph\":[{\"@type\":\"WebPage\",\"@id\":\"https:\\\/\\\/sucsucwine.com\\\/en\\\/producto\\\/introduccion-al-vino-natural-mayo-25\\\/\",\"url\":\"https:\\\/\\\/sucsucwine.com\\\/en\\\/producto\\\/introduccion-al-vino-natural-mayo-25\\\/\",\"name\":\"Curso: Introducci\u00f3n al Vino Natural\",\"isPartOf\":{\"@id\":\"https:\\\/\\\/sucsucwine.com\\\/#website\"},\"primaryImageOfPage\":{\"@id\":\"https:\\\/\\\/sucsucwine.com\\\/en\\\/producto\\\/introduccion-al-vino-natural-mayo-25\\\/#primaryimage\"},\"image\":{\"@id\":\"https:\\\/\\\/sucsucwine.com\\\/en\\\/producto\\\/introduccion-al-vino-natural-mayo-25\\\/#primaryimage\"},\"thumbnailUrl\":\"https:\\\/\\\/sucsucwine.com\\\/wp-content\\\/uploads\\\/2024\\\/06\\\/Suc-Suc-que\u0301-es-el-vino-natural-5.webp\",\"datePublished\":\"2024-11-10T10:45:31+00:00\",\"dateModified\":\"2025-05-22T13:36:21+00:00\",\"description\":\"Un curso introductorio de 2 semanas para aprender a formar criterio propio sobre qu\u00e9 es el vino natural y c\u00f3mo catar el vino natural.\",\"breadcrumb\":{\"@id\":\"https:\\\/\\\/sucsucwine.com\\\/en\\\/producto\\\/introduccion-al-vino-natural-mayo-25\\\/#breadcrumb\"},\"inLanguage\":\"en-US\",\"potentialAction\":[{\"@type\":\"ReadAction\",\"target\":[\"https:\\\/\\\/sucsucwine.com\\\/en\\\/producto\\\/introduccion-al-vino-natural-mayo-25\\\/\"]}]},{\"@type\":\"ImageObject\",\"inLanguage\":\"en-US\",\"@id\":\"https:\\\/\\\/sucsucwine.com\\\/en\\\/producto\\\/introduccion-al-vino-natural-mayo-25\\\/#primaryimage\",\"url\":\"https:\\\/\\\/sucsucwine.com\\\/wp-content\\\/uploads\\\/2024\\\/06\\\/Suc-Suc-que\u0301-es-el-vino-natural-5.webp\",\"contentUrl\":\"https:\\\/\\\/sucsucwine.com\\\/wp-content\\\/uploads\\\/2024\\\/06\\\/Suc-Suc-que\u0301-es-el-vino-natural-5.webp\",\"width\":645,\"height\":698},{\"@type\":\"BreadcrumbList\",\"@id\":\"https:\\\/\\\/sucsucwine.com\\\/en\\\/producto\\\/introduccion-al-vino-natural-mayo-25\\\/#breadcrumb\",\"itemListElement\":[{\"@type\":\"ListItem\",\"position\":1,\"name\":\"Portada\",\"item\":\"https:\\\/\\\/sucsucwine.com\\\/en\\\/\"},{\"@type\":\"ListItem\",\"position\":2,\"name\":\"Productos\",\"item\":\"https:\\\/\\\/sucsucwine.com\\\/es\\\/es-catas-cursos-clases-vino-natural\\\/\"},{\"@type\":\"ListItem\",\"position\":3,\"name\":\"INTRODUCCI\u00d3N AL VINO NATURAL &#8211; MAYO\"}]},{\"@type\":\"WebSite\",\"@id\":\"https:\\\/\\\/sucsucwine.com\\\/#website\",\"url\":\"https:\\\/\\\/sucsucwine.com\\\/\",\"name\":\"Suc Suc Wine\",\"description\":\"Natural wine\",\"potentialAction\":[{\"@type\":\"SearchAction\",\"target\":{\"@type\":\"EntryPoint\",\"urlTemplate\":\"https:\\\/\\\/sucsucwine.com\\\/?s={search_term_string}\"},\"query-input\":{\"@type\":\"PropertyValueSpecification\",\"valueRequired\":true,\"valueName\":\"search_term_string\"}}],\"inLanguage\":\"en-US\"}]}<\/script>\n<!-- \/ Yoast SEO plugin. -->","yoast_head_json":{"title":"Curso: Introducci\u00f3n al Vino Natural","description":"Un curso introductorio de 2 semanas para aprender a formar criterio propio sobre qu\u00e9 es el vino natural y c\u00f3mo catar el vino natural.","robots":{"index":"index","follow":"follow","max-snippet":"max-snippet:-1","max-image-preview":"max-image-preview:large","max-video-preview":"max-video-preview:-1"},"canonical":"https:\/\/sucsucwine.com\/en\/producto\/introduccion-al-vino-natural-mayo-25\/","og_locale":"en_US","og_type":"article","og_title":"Curso: Introducci\u00f3n al Vino Natural","og_description":"Un curso introductorio de 2 semanas para aprender a formar criterio propio sobre qu\u00e9 es el vino natural y c\u00f3mo catar el vino natural.","og_url":"https:\/\/sucsucwine.com\/en\/producto\/introduccion-al-vino-natural-mayo-25\/","og_site_name":"Suc Suc Wine","article_modified_time":"2025-05-22T13:36:21+00:00","og_image":[{"width":645,"height":698,"url":"https:\/\/sucsucwine.com\/wp-content\/uploads\/2024\/06\/Suc-Suc-que\u0301-es-el-vino-natural-5.webp","type":"image\/webp"}],"twitter_card":"summary_large_image","twitter_misc":{"Est. reading time":"1 minute"},"schema":{"@context":"https:\/\/schema.org","@graph":[{"@type":"WebPage","@id":"https:\/\/sucsucwine.com\/en\/producto\/introduccion-al-vino-natural-mayo-25\/","url":"https:\/\/sucsucwine.com\/en\/producto\/introduccion-al-vino-natural-mayo-25\/","name":"Curso: Introducci\u00f3n al Vino Natural","isPartOf":{"@id":"https:\/\/sucsucwine.com\/#website"},"primaryImageOfPage":{"@id":"https:\/\/sucsucwine.com\/en\/producto\/introduccion-al-vino-natural-mayo-25\/#primaryimage"},"image":{"@id":"https:\/\/sucsucwine.com\/en\/producto\/introduccion-al-vino-natural-mayo-25\/#primaryimage"},"thumbnailUrl":"https:\/\/sucsucwine.com\/wp-content\/uploads\/2024\/06\/Suc-Suc-que\u0301-es-el-vino-natural-5.webp","datePublished":"2024-11-10T10:45:31+00:00","dateModified":"2025-05-22T13:36:21+00:00","description":"Un curso introductorio de 2 semanas para aprender a formar criterio propio sobre qu\u00e9 es el vino natural y c\u00f3mo catar el vino natural.","breadcrumb":{"@id":"https:\/\/sucsucwine.com\/en\/producto\/introduccion-al-vino-natural-mayo-25\/#breadcrumb"},"inLanguage":"en-US","potentialAction":[{"@type":"ReadAction","target":["https:\/\/sucsucwine.com\/en\/producto\/introduccion-al-vino-natural-mayo-25\/"]}]},{"@type":"ImageObject","inLanguage":"en-US","@id":"https:\/\/sucsucwine.com\/en\/producto\/introduccion-al-vino-natural-mayo-25\/#primaryimage","url":"https:\/\/sucsucwine.com\/wp-content\/uploads\/2024\/06\/Suc-Suc-que\u0301-es-el-vino-natural-5.webp","contentUrl":"https:\/\/sucsucwine.com\/wp-content\/uploads\/2024\/06\/Suc-Suc-que\u0301-es-el-vino-natural-5.webp","width":645,"height":698},{"@type":"BreadcrumbList","@id":"https:\/\/sucsucwine.com\/en\/producto\/introduccion-al-vino-natural-mayo-25\/#breadcrumb","itemListElement":[{"@type":"ListItem","position":1,"name":"Portada","item":"https:\/\/sucsucwine.com\/en\/"},{"@type":"ListItem","position":2,"name":"Productos","item":"https:\/\/sucsucwine.com\/es\/es-catas-cursos-clases-vino-natural\/"},{"@type":"ListItem","position":3,"name":"INTRODUCCI\u00d3N AL VINO NATURAL &#8211; MAYO"}]},{"@type":"WebSite","@id":"https:\/\/sucsucwine.com\/#website","url":"https:\/\/sucsucwine.com\/","name":"Suc Suc Wine","description":"Natural wine","potentialAction":[{"@type":"SearchAction","target":{"@type":"EntryPoint","urlTemplate":"https:\/\/sucsucwine.com\/?s={search_term_string}"},"query-input":{"@type":"PropertyValueSpecification","valueRequired":true,"valueName":"search_term_string"}}],"inLanguage":"en-US"}]}},"_links":{"self":[{"href":"https:\/\/sucsucwine.com\/en\/wp-json\/wp\/v2\/product\/3161","targetHints":{"allow":["GET"]}}],"collection":[{"href":"https:\/\/sucsucwine.com\/en\/wp-json\/wp\/v2\/product"}],"about":[{"href":"https:\/\/sucsucwine.com\/en\/wp-json\/wp\/v2\/types\/product"}],"replies":[{"embeddable":true,"href":"https:\/\/sucsucwine.com\/en\/wp-json\/wp\/v2\/comments?post=3161"}],"wp:featuredmedia":[{"embeddable":true,"href":"https:\/\/sucsucwine.com\/en\/wp-json\/wp\/v2\/media\/3062"}],"wp:attachment":[{"href":"https:\/\/sucsucwine.com\/en\/wp-json\/wp\/v2\/media?parent=3161"}],"wp:term":[{"taxonomy":"product_brand","embeddable":true,"href":"https:\/\/sucsucwine.com\/en\/wp-json\/wp\/v2\/product_brand?post=3161"},{"taxonomy":"product_cat","embeddable":true,"href":"https:\/\/sucsucwine.com\/en\/wp-json\/wp\/v2\/product_cat?post=3161"},{"taxonomy":"product_tag","embeddable":true,"href":"https:\/\/sucsucwine.com\/en\/wp-json\/wp\/v2\/product_tag?post=3161"}],"curies":[{"name":"wp","href":"https:\/\/api.w.org\/{rel}","templated":true}]}}