{"id":1766,"date":"2023-02-15T08:49:30","date_gmt":"2023-02-15T07:49:30","guid":{"rendered":"https:\/\/sucsucwine.com\/quienes-somos\/"},"modified":"2024-04-18T11:44:17","modified_gmt":"2024-04-18T09:44:17","slug":"quienes-somos","status":"publish","type":"page","link":"https:\/\/sucsucwine.com\/es\/quienes-somos\/","title":{"rendered":"QUI\u00c9NES SOMOS"},"content":{"rendered":"<p>[et_pb_section fb_built=\u00bb1&#8243; _builder_version=\u00bb4.21.2&#8243; _module_preset=\u00bbdefault\u00bb background_color=\u00bb#FE4454&#8243; border_width_bottom=\u00bb1px\u00bb border_color_bottom=\u00bb#000000&#8243; locked=\u00bboff\u00bb global_colors_info=\u00bb{}\u00bb][et_pb_row custom_padding_last_edited=\u00bbon|tablet\u00bb _builder_version=\u00bb4.24.2&#8243; _module_preset=\u00bbdefault\u00bb custom_padding=\u00bb7.5em||7.5em||true|false\u00bb custom_padding_tablet=\u00bb||2em||false|false\u00bb custom_padding_phone=\u00bb4em||2em||false|false\u00bb global_colors_info=\u00bb{}\u00bb][et_pb_column type=\u00bb4_4&#8243; _builder_version=\u00bb4.21.2&#8243; _module_preset=\u00bbdefault\u00bb global_colors_info=\u00bb{}\u00bb][et_pb_text _builder_version=\u00bb4.21.2&#8243; _module_preset=\u00bbdefault\u00bb header_font=\u00bb|||on|||||\u00bb header_text_align=\u00bbcenter\u00bb header_text_color=\u00bb#1E3497&#8243; header_font_size=\u00bb80px\u00bb header_font_size_tablet=\u00bb50px\u00bb header_font_size_phone=\u00bb30px\u00bb header_font_size_last_edited=\u00bbon|phone\u00bb global_colors_info=\u00bb{}\u00bb]<\/p>\n<h1>Qui\u00e9nes somos<\/h1>\n<p>[\/et_pb_text][\/et_pb_column][\/et_pb_row][\/et_pb_section][et_pb_section fb_built=\u00bb1&#8243; _builder_version=\u00bb4.21.2&#8243; _module_preset=\u00bbdefault\u00bb background_color=\u00bb#EEE7E3&#8243; custom_margin=\u00bb0px||0px||true|false\u00bb custom_padding=\u00bb0px||0px||true|false\u00bb border_width_bottom=\u00bb1px\u00bb border_color_bottom=\u00bb#000000&#8243; global_colors_info=\u00bb{}\u00bb][et_pb_row column_structure=\u00bb1_2,1_2&#8243; use_custom_gutter=\u00bbon\u00bb gutter_width=\u00bb1&#8243; custom_padding_last_edited=\u00bbon|tablet\u00bb _builder_version=\u00bb4.24.2&#8243; _module_preset=\u00bbdefault\u00bb width=\u00bb90%\u00bb width_tablet=\u00bb100%\u00bb width_phone=\u00bb100%\u00bb width_last_edited=\u00bbon|tablet\u00bb custom_padding=\u00bb4em|0px|4em|0px|true|true\u00bb custom_padding_tablet=\u00bb4em|0em|4em|0em|true|true\u00bb custom_padding_phone=\u00bb4em|0em|4em|0em|true|true\u00bb custom_css_main_element=\u00bbdisplay:flex;||align-items:center;\u00bb border_width_right=\u00bb1px\u00bb border_color_right=\u00bb#000000&#8243; border_width_left=\u00bb1px\u00bb border_color_left=\u00bb#000000&#8243; border_width_bottom_tablet=\u00bb0px\u00bb border_width_bottom_phone=\u00bb0px\u00bb border_width_bottom_last_edited=\u00bbon|tablet\u00bb global_colors_info=\u00bb{}\u00bb custom_css_main_element_last_edited=\u00bbon|tablet\u00bb custom_css_main_element_tablet=\u00bbflex-flow:column;\u00bb custom_css_main_element_phone=\u00bbflex-flow:column;\u00bb][et_pb_column type=\u00bb1_2&#8243; _builder_version=\u00bb4.21.2&#8243; _module_preset=\u00bbdefault\u00bb custom_padding=\u00bb|8em||4em|false|false\u00bb custom_padding_tablet=\u00bb|4em|4em|4em|false|true\u00bb custom_padding_phone=\u00bb|4em|4em|4em|false|true\u00bb custom_padding_last_edited=\u00bbon|phone\u00bb border_width_bottom_tablet=\u00bb1px\u00bb border_width_bottom_phone=\u00bb1px\u00bb border_width_bottom_last_edited=\u00bbon|tablet\u00bb global_colors_info=\u00bb{}\u00bb][et_pb_text module_class=\u00bbsubtitulo-about\u00bb _builder_version=\u00bb4.24.2&#8243; _module_preset=\u00bbdefault\u00bb text_font=\u00bbFraunces|700|||||||\u00bb text_text_color=\u00bb#FE4454&#8243; text_font_size=\u00bb20px\u00bb text_line_height=\u00bb1em\u00bb header_font=\u00bb||||||||\u00bb header_3_font=\u00bbFraunces||||||||\u00bb header_3_text_color=\u00bb#FE4454&#8243; header_3_font_size=\u00bb16px\u00bb text_orientation=\u00bbcenter\u00bb max_width=\u00bb500px\u00bb module_alignment=\u00bbcenter\u00bb custom_padding_tablet=\u00bb\u00bb custom_padding_phone=\u00bb2em||2em||true|false\u00bb custom_padding_last_edited=\u00bbon|phone\u00bb text_font_size_tablet=\u00bb20px\u00bb text_font_size_phone=\u00bb20px\u00bb text_font_size_last_edited=\u00bbon|tablet\u00bb custom_css_main_element=\u00bbfont-family:%22Fraunces%22 !important;||transform: scale(1, 1.5);\u00bb global_colors_info=\u00bb{}\u00bb]<\/p>\n<p>Suc Suc es un centro educativo y agencia de consultor\u00eda del vino natural basado en Barcelona. Damos catas y clases de vino natural y creamos programas de vino natural para bares y restaurantes.<\/p>\n<p>[\/et_pb_text][\/et_pb_column][et_pb_column type=\u00bb1_2&#8243; _builder_version=\u00bb4.21.2&#8243; _module_preset=\u00bbdefault\u00bb custom_padding=\u00bb|6em||8em|false|false\u00bb custom_padding_tablet=\u00bb4em|6em||8em|false|false\u00bb custom_padding_phone=\u00bb|4em||4em|false|true\u00bb custom_padding_last_edited=\u00bbon|tablet\u00bb global_colors_info=\u00bb{}\u00bb][et_pb_text _builder_version=\u00bb4.21.2&#8243; _module_preset=\u00bbdefault\u00bb global_colors_info=\u00bb{}\u00bb]<\/p>\n<p>Nuestros cursos de vino natural son din\u00e1micos, sin pretensiones y adaptados a las necesidades de aprendizaje de nuestros estudiantes, profesiones y principiantes. Nuestra aula se ubica en Barcelona.<\/p>\n<p>Tambi\u00e9n nos especializamos en consultar con clientes del sector de la hosteler\u00eda sobre incorporar vinos naturales a su carta de vinos, al igual que eventos privados y otros servicios de sommeliers de vino natural en Barcelona y alrededor del mundo.<\/p>\n<p>Suc Suc es la creaci\u00f3n de sommeliers y comunicadores Ida Mogren y Benji Sher. Nos conocimos en 2016 cursando un diploma formal de sumiller\u00eda en Barcelona. Desde entonces, hemos ideado, reformulado y practicado mejores maneras de ense\u00f1ar y aprender del vino.<\/p>\n<p>[\/et_pb_text][\/et_pb_column][\/et_pb_row][\/et_pb_section][et_pb_section fb_built=\u00bb1&#8243; _builder_version=\u00bb4.21.2&#8243; _module_preset=\u00bbdefault\u00bb background_color=\u00bb#EEE7E3&#8243; custom_margin=\u00bb0px||0px||true|false\u00bb custom_padding=\u00bb0px||0px||true|false\u00bb border_width_bottom=\u00bb1px\u00bb border_color_bottom=\u00bb#000000&#8243; global_colors_info=\u00bb{}\u00bb][et_pb_row column_structure=\u00bb1_2,1_2&#8243; use_custom_gutter=\u00bbon\u00bb gutter_width=\u00bb1&#8243; custom_padding_last_edited=\u00bbon|tablet\u00bb _builder_version=\u00bb4.24.2&#8243; _module_preset=\u00bbdefault\u00bb width=\u00bb90%\u00bb width_tablet=\u00bb100%\u00bb width_phone=\u00bb100%\u00bb width_last_edited=\u00bbon|tablet\u00bb custom_padding=\u00bb0px|0px|0px|0px|true|true\u00bb custom_padding_tablet=\u00bb4em|0px|4em|0px|true|true\u00bb custom_padding_phone=\u00bb1em|0em|0em|0em|false|true\u00bb hover_enabled=\u00bb0&#8243; custom_css_main_element=\u00bbdisplay:flex;||align-items:center;\u00bb border_width_right=\u00bb1px\u00bb border_color_right=\u00bb#000000&#8243; border_width_left=\u00bb1px\u00bb border_color_left=\u00bb#000000&#8243; global_colors_info=\u00bb{}\u00bb custom_css_main_element_last_edited=\u00bbon|tablet\u00bb custom_css_main_element_tablet=\u00bbflex-flow:column;\u00bb custom_css_main_element_phone=\u00bbflex-flow:column;\u00bb sticky_enabled=\u00bb0&#8243;][et_pb_column type=\u00bb1_2&#8243; _builder_version=\u00bb4.21.2&#8243; _module_preset=\u00bbdefault\u00bb custom_padding=\u00bb4em|8em|4em|4em|true|false\u00bb custom_padding_tablet=\u00bb4em|4em|4em|4em|true|true\u00bb custom_padding_phone=\u00bb4em|4em|4em|4em|true|true\u00bb custom_padding_last_edited=\u00bbon|phone\u00bb border_width_bottom_tablet=\u00bb1px\u00bb border_width_bottom_phone=\u00bb1px\u00bb border_width_bottom_last_edited=\u00bbon|phone\u00bb global_colors_info=\u00bb{}\u00bb][et_pb_text admin_label=\u00bbTexto\u00bb module_id=\u00bbbenji-title\u00bb module_class=\u00bbcontact-titles\u00bb _builder_version=\u00bb4.21.2&#8243; _module_preset=\u00bbdefault\u00bb header_font_size_tablet=\u00bb20px\u00bb header_font_size_phone=\u00bb20px\u00bb header_font_size_last_edited=\u00bbon|tablet\u00bb global_colors_info=\u00bb{}\u00bb]<\/p>\n<h1 style=\"text-align: center; color: #1e3497!important; font-size: 80px;\">Benji<\/h1>\n<p>[\/et_pb_text][et_pb_image src=\u00bbhttps:\/\/sucsucwine.com\/wp-content\/uploads\/2024\/01\/ilustracion-benji-suc-suc-1-1.svg\u00bb alt=\u00bbDrawing of Benji Sher\u00bb title_text=\u00bbSuc-Suc-Dibujo-Benji-Sher\u00bb _builder_version=\u00bb4.21.2&#8243; _module_preset=\u00bbdefault\u00bb max_width=\u00bb180px\u00bb custom_margin=\u00bb-67px||3em|35%|false|false\u00bb global_colors_info=\u00bb{}\u00bb][\/et_pb_image][et_pb_text _builder_version=\u00bb4.21.2&#8243; _module_preset=\u00bbdefault\u00bb custom_padding=\u00bb1em||||false|false\u00bb global_colors_info=\u00bb{}\u00bb]<\/p>\n<p>Benji Sher es un sommelier de vino natural y profesor de vino con una d\u00e9cada trabajada en el sector entre su Canad\u00e1 nativo y su ciudad adoptiva, Barcelona. Con formaci\u00f3n cl\u00e1sica en sumiller\u00eda de la ESHOB y un m\u00e1ster en educaci\u00f3n de la Universitat de Barcelona, su punto fuerte es donde coinciden el vino y el aprendizaje.<\/p>\n<p>Su experiencia lo ha llevado tras diferentes partes del sector de la hosteler\u00eda. Unos cuantos a\u00f1os de encargado y sommelier a Bar Brutal, un bar de vino natural reconocido internacionalmente. Venta al p\u00fablico y venta al mayor para los distribuidores de vino natural en Barcelona, Cuv\u00e9e 3000 y The Natural Wine Company. Asesor\u00eda y copywriting para una gran diversidad de clientes profesionales de la hosteler\u00eda.<\/p>\n<p>Benji es un educador de vino multiling\u00fce, un pensador a lo grande con atenci\u00f3n a matiz y detalle y un t\u00edo de vino accesible.<\/p>\n<p>[\/et_pb_text][\/et_pb_column][et_pb_column type=\u00bb1_2&#8243; _builder_version=\u00bb4.21.2&#8243; _module_preset=\u00bbdefault\u00bb custom_padding=\u00bb4em|4em|4em|8em|true|false\u00bb custom_padding_tablet=\u00bb4em|4em|4em|4em|true|true\u00bb custom_padding_phone=\u00bb4em|4em|4em|4em|true|true\u00bb custom_padding_last_edited=\u00bbon|phone\u00bb border_width_left=\u00bb1px\u00bb border_width_left_tablet=\u00bb0px\u00bb border_width_left_phone=\u00bb0px\u00bb border_width_left_last_edited=\u00bbon|phone\u00bb global_colors_info=\u00bb{}\u00bb][et_pb_text module_id=\u00bbida-title\u00bb module_class=\u00bbcontact-titles\u00bb _builder_version=\u00bb4.21.2&#8243; _module_preset=\u00bbdefault\u00bb custom_padding=\u00bb||||false|false\u00bb header_font_size_tablet=\u00bb20px\u00bb header_font_size_phone=\u00bb20px\u00bb header_font_size_last_edited=\u00bbon|tablet\u00bb global_colors_info=\u00bb{}\u00bb]<\/p>\n<h1 style=\"text-align: center; color: #1e3497!important; font-size: 80px;\">Ida<\/h1>\n<p>[\/et_pb_text][et_pb_image src=\u00bbhttps:\/\/sucsucwine.com\/wp-content\/uploads\/2024\/01\/ilustracion-ida-suc-suc-1-1.svg\u00bb title_text=\u00bbSuc-Suc-Dibujo-Ida-Mogren\u00bb _builder_version=\u00bb4.21.2&#8243; _module_preset=\u00bbdefault\u00bb max_width=\u00bb200px\u00bb custom_margin=\u00bb-46px||1em|34%|false|false\u00bb global_colors_info=\u00bb{}\u00bb][\/et_pb_image][et_pb_text _builder_version=\u00bb4.21.2&#8243; _module_preset=\u00bbdefault\u00bb custom_margin=\u00bb|||5px|false|false\u00bb global_colors_info=\u00bb{}\u00bb]<\/p>\n<p>Ida Mogren, nacida en Estocolmo, es una productora de eventos y creadora de conceptos y contenidos especializada en el marketing digital basada en Barcelona desde 2010. Con un grado en humanidades, m\u00e1steres en marketing y comunicaci\u00f3n y un diploma de sumiller\u00eda, su experiencia se centra en crear conceptos y experiencias creativos, interdisciplinarios y \u00fanicos en los sectores de eventos y vino.<\/p>\n<p>Como coordinadora de eventos y proyectos, Ida ha adquirido conocimientos extensivos en liderar proyectos en su enteridad, desde la idea creativa, hasta la producci\u00f3n y la valoraci\u00f3n. Notablemente: concepto, construcci\u00f3n y operaciones para la apertura de Brutalisten, el restaurante de Carsten H\u00f6ller en Estocolmo, y el evento pre-estreno multidisciplinario del primer coche de Lynk &amp; Co durante el Mobile World Congress.<\/p>\n<p>Habiendo trabajado con clientes de todas partes del mundo, Ida es una comunicadora eficaz con sensibilidad intercultural.<\/p>\n<p>[\/et_pb_text][\/et_pb_column][\/et_pb_row][\/et_pb_section][et_pb_section fb_built=\u00bb1&#8243; _builder_version=\u00bb4.21.2&#8243; _module_preset=\u00bbdefault\u00bb background_color=\u00bb#EEE7E3&#8243; custom_margin=\u00bb0px||0px||true|false\u00bb custom_padding=\u00bb0px||0px||true|false\u00bb border_width_bottom=\u00bb1px\u00bb border_color_bottom=\u00bb#000000&#8243; global_colors_info=\u00bb{}\u00bb][et_pb_row column_structure=\u00bb1_2,1_2&#8243; _builder_version=\u00bb4.24.2&#8243; _module_preset=\u00bbdefault\u00bb width=\u00bb90%\u00bb width_tablet=\u00bb100%\u00bb width_phone=\u00bb100%\u00bb width_last_edited=\u00bbon|tablet\u00bb custom_padding=\u00bb4em|4em|4em|4em|true|true\u00bb hover_enabled=\u00bb0&#8243; custom_css_main_element=\u00bbdisplay:flex;||align-items:center;\u00bb border_width_right=\u00bb1px\u00bb border_color_right=\u00bb#000000&#8243; border_width_left=\u00bb1px\u00bb border_color_left=\u00bb#000000&#8243; global_colors_info=\u00bb{}\u00bb custom_css_main_element_last_edited=\u00bbon|tablet\u00bb custom_css_main_element_tablet=\u00bbflex-flow:column;\u00bb custom_css_main_element_phone=\u00bbflex-flow:column;\u00bb custom_padding_last_edited=\u00bbon|phone\u00bb custom_padding_phone=\u00bb5em|4em|4em|4em|false|true\u00bb sticky_enabled=\u00bb0&#8243; custom_padding_tablet=\u00bb4em|4em|4em|4em|true|true\u00bb][et_pb_column type=\u00bb1_2&#8243; _builder_version=\u00bb4.19.5&#8243; _module_preset=\u00bbdefault\u00bb global_colors_info=\u00bb{}\u00bb][et_pb_text module_class=\u00bbsubtitulo-about\u00bb _builder_version=\u00bb4.21.2&#8243; _module_preset=\u00bbdefault\u00bb text_font=\u00bbFraunces|700|||||||\u00bb text_text_color=\u00bb#FE4454&#8243; text_font_size=\u00bb20px\u00bb text_line_height=\u00bb1em\u00bb text_orientation=\u00bbcenter\u00bb max_width=\u00bb500px\u00bb module_alignment=\u00bbcenter\u00bb custom_margin_tablet=\u00bb\u00bb custom_margin_phone=\u00bb||1em||false|false\u00bb custom_margin_last_edited=\u00bbon|phone\u00bb text_font_size_tablet=\u00bb20px\u00bb text_font_size_phone=\u00bb20px\u00bb text_font_size_last_edited=\u00bbon|tablet\u00bb custom_css_main_element=\u00bbtransform: scale(1, 1.5);\u00bb global_colors_info=\u00bb{}\u00bb]<\/p>\n<p>Nuestro reto es hacer que aprender de vino natural sea accesible, agradable, valioso y comunitario.<\/p>\n<p>[\/et_pb_text][\/et_pb_column][et_pb_column type=\u00bb1_2&#8243; _builder_version=\u00bb4.19.5&#8243; _module_preset=\u00bbdefault\u00bb global_colors_info=\u00bb{}\u00bb][et_pb_image src=\u00bbhttps:\/\/sucsucwine.com\/wp-content\/uploads\/2023\/07\/Suc-Suc-Benji-Sher-Ida-Mogren.webp\u00bb alt=\u00bbSuc Suc natural wine sommeliers Benji and Ida drinking wine together\u00bb title_text=\u00bbSuc-Suc-Benji-Sher-Ida-Mogren\u00bb _builder_version=\u00bb4.21.2&#8243; _module_preset=\u00bbdefault\u00bb max_width=\u00bb400px\u00bb module_alignment=\u00bbcenter\u00bb global_colors_info=\u00bb{}\u00bb][\/et_pb_image][\/et_pb_column][\/et_pb_row][\/et_pb_section]<\/p>\n","protected":false},"excerpt":{"rendered":"<p>Qui\u00e9nes somosSuc Suc es un centro educativo y agencia de consultor\u00eda del vino natural basado en Barcelona. Damos catas y clases de vino natural y creamos programas de vino natural para bares y restaurantes.Nuestros cursos de vino natural son din\u00e1micos, sin pretensiones y adaptados a las necesidades de aprendizaje de nuestros estudiantes, profesiones y principiantes. [&hellip;]<\/p>\n","protected":false},"author":1,"featured_media":0,"parent":0,"menu_order":0,"comment_status":"closed","ping_status":"closed","template":"","meta":{"_acf_changed":false,"_et_pb_use_builder":"on","_et_pb_old_content":"","_et_gb_content_width":"","inline_featured_image":false,"footnotes":""},"class_list":["post-1766","page","type-page","status-publish","hentry"],"acf":[],"yoast_head":"<!-- This site is optimized with the Yoast SEO plugin v27.4 - https:\/\/yoast.com\/product\/yoast-seo-wordpress\/ -->\n<title>\u00bfQu\u00e9 es Suc Suc, el centro educativo del vino natural?<\/title>\n<meta name=\"description\" content=\"Suc Suc es un centro educativo del vino natural en Barcelona, liderado por Ida Mogren y Benji Sher. Nuestra escuela de vino natural ofrece catas y clases p\u00fablicas y formaciones privadas sobre el vino natural.\" \/>\n<meta name=\"robots\" content=\"index, follow, max-snippet:-1, max-image-preview:large, max-video-preview:-1\" \/>\n<link rel=\"canonical\" href=\"https:\/\/sucsucwine.com\/about-us\/\" \/>\n<meta property=\"og:locale\" content=\"es_ES\" \/>\n<meta property=\"og:type\" content=\"article\" \/>\n<meta property=\"og:title\" content=\"\u00bfQu\u00e9 es Suc Suc, el centro educativo del vino natural?\" \/>\n<meta property=\"og:description\" content=\"Suc Suc es un centro educativo del vino natural en Barcelona, liderado por Ida Mogren y Benji Sher. Nuestra escuela de vino natural ofrece catas y clases p\u00fablicas y formaciones privadas sobre el vino natural.\" \/>\n<meta property=\"og:url\" content=\"https:\/\/sucsucwine.com\/about-us\/\" \/>\n<meta property=\"og:site_name\" content=\"Suc Suc Wine\" \/>\n<meta property=\"article:modified_time\" content=\"2024-04-18T09:44:17+00:00\" \/>\n<meta name=\"twitter:card\" content=\"summary_large_image\" \/>\n<meta name=\"twitter:label1\" content=\"Tiempo de lectura\" \/>\n\t<meta name=\"twitter:data1\" content=\"9 minutos\" \/>\n<script type=\"application\/ld+json\" class=\"yoast-schema-graph\">{\"@context\":\"https:\\\/\\\/schema.org\",\"@graph\":[{\"@type\":\"WebPage\",\"@id\":\"https:\\\/\\\/sucsucwine.com\\\/about-us\\\/\",\"url\":\"https:\\\/\\\/sucsucwine.com\\\/about-us\\\/\",\"name\":\"\u00bfQu\u00e9 es Suc Suc, el centro educativo del vino natural?\",\"isPartOf\":{\"@id\":\"https:\\\/\\\/sucsucwine.com\\\/#website\"},\"datePublished\":\"2023-02-15T07:49:30+00:00\",\"dateModified\":\"2024-04-18T09:44:17+00:00\",\"description\":\"Suc Suc es un centro educativo del vino natural en Barcelona, liderado por Ida Mogren y Benji Sher. Nuestra escuela de vino natural ofrece catas y clases p\u00fablicas y formaciones privadas sobre el vino natural.\",\"breadcrumb\":{\"@id\":\"https:\\\/\\\/sucsucwine.com\\\/about-us\\\/#breadcrumb\"},\"inLanguage\":\"es\",\"potentialAction\":[{\"@type\":\"ReadAction\",\"target\":[\"https:\\\/\\\/sucsucwine.com\\\/about-us\\\/\"]}]},{\"@type\":\"BreadcrumbList\",\"@id\":\"https:\\\/\\\/sucsucwine.com\\\/about-us\\\/#breadcrumb\",\"itemListElement\":[{\"@type\":\"ListItem\",\"position\":1,\"name\":\"Portada\",\"item\":\"https:\\\/\\\/sucsucwine.com\\\/en\\\/\"},{\"@type\":\"ListItem\",\"position\":2,\"name\":\"QUI\u00c9NES SOMOS\"}]},{\"@type\":\"WebSite\",\"@id\":\"https:\\\/\\\/sucsucwine.com\\\/#website\",\"url\":\"https:\\\/\\\/sucsucwine.com\\\/\",\"name\":\"Suc Suc Wine\",\"description\":\"Natural wine\",\"potentialAction\":[{\"@type\":\"SearchAction\",\"target\":{\"@type\":\"EntryPoint\",\"urlTemplate\":\"https:\\\/\\\/sucsucwine.com\\\/?s={search_term_string}\"},\"query-input\":{\"@type\":\"PropertyValueSpecification\",\"valueRequired\":true,\"valueName\":\"search_term_string\"}}],\"inLanguage\":\"es\"}]}<\/script>\n<!-- \/ Yoast SEO plugin. -->","yoast_head_json":{"title":"\u00bfQu\u00e9 es Suc Suc, el centro educativo del vino natural?","description":"Suc Suc es un centro educativo del vino natural en Barcelona, liderado por Ida Mogren y Benji Sher. Nuestra escuela de vino natural ofrece catas y clases p\u00fablicas y formaciones privadas sobre el vino natural.","robots":{"index":"index","follow":"follow","max-snippet":"max-snippet:-1","max-image-preview":"max-image-preview:large","max-video-preview":"max-video-preview:-1"},"canonical":"https:\/\/sucsucwine.com\/about-us\/","og_locale":"es_ES","og_type":"article","og_title":"\u00bfQu\u00e9 es Suc Suc, el centro educativo del vino natural?","og_description":"Suc Suc es un centro educativo del vino natural en Barcelona, liderado por Ida Mogren y Benji Sher. Nuestra escuela de vino natural ofrece catas y clases p\u00fablicas y formaciones privadas sobre el vino natural.","og_url":"https:\/\/sucsucwine.com\/about-us\/","og_site_name":"Suc Suc Wine","article_modified_time":"2024-04-18T09:44:17+00:00","twitter_card":"summary_large_image","twitter_misc":{"Tiempo de lectura":"9 minutos"},"schema":{"@context":"https:\/\/schema.org","@graph":[{"@type":"WebPage","@id":"https:\/\/sucsucwine.com\/about-us\/","url":"https:\/\/sucsucwine.com\/about-us\/","name":"\u00bfQu\u00e9 es Suc Suc, el centro educativo del vino natural?","isPartOf":{"@id":"https:\/\/sucsucwine.com\/#website"},"datePublished":"2023-02-15T07:49:30+00:00","dateModified":"2024-04-18T09:44:17+00:00","description":"Suc Suc es un centro educativo del vino natural en Barcelona, liderado por Ida Mogren y Benji Sher. Nuestra escuela de vino natural ofrece catas y clases p\u00fablicas y formaciones privadas sobre el vino natural.","breadcrumb":{"@id":"https:\/\/sucsucwine.com\/about-us\/#breadcrumb"},"inLanguage":"es","potentialAction":[{"@type":"ReadAction","target":["https:\/\/sucsucwine.com\/about-us\/"]}]},{"@type":"BreadcrumbList","@id":"https:\/\/sucsucwine.com\/about-us\/#breadcrumb","itemListElement":[{"@type":"ListItem","position":1,"name":"Portada","item":"https:\/\/sucsucwine.com\/en\/"},{"@type":"ListItem","position":2,"name":"QUI\u00c9NES SOMOS"}]},{"@type":"WebSite","@id":"https:\/\/sucsucwine.com\/#website","url":"https:\/\/sucsucwine.com\/","name":"Suc Suc Wine","description":"Natural wine","potentialAction":[{"@type":"SearchAction","target":{"@type":"EntryPoint","urlTemplate":"https:\/\/sucsucwine.com\/?s={search_term_string}"},"query-input":{"@type":"PropertyValueSpecification","valueRequired":true,"valueName":"search_term_string"}}],"inLanguage":"es"}]}},"_links":{"self":[{"href":"https:\/\/sucsucwine.com\/es\/wp-json\/wp\/v2\/pages\/1766","targetHints":{"allow":["GET"]}}],"collection":[{"href":"https:\/\/sucsucwine.com\/es\/wp-json\/wp\/v2\/pages"}],"about":[{"href":"https:\/\/sucsucwine.com\/es\/wp-json\/wp\/v2\/types\/page"}],"author":[{"embeddable":true,"href":"https:\/\/sucsucwine.com\/es\/wp-json\/wp\/v2\/users\/1"}],"replies":[{"embeddable":true,"href":"https:\/\/sucsucwine.com\/es\/wp-json\/wp\/v2\/comments?post=1766"}],"version-history":[{"count":0,"href":"https:\/\/sucsucwine.com\/es\/wp-json\/wp\/v2\/pages\/1766\/revisions"}],"wp:attachment":[{"href":"https:\/\/sucsucwine.com\/es\/wp-json\/wp\/v2\/media?parent=1766"}],"curies":[{"name":"wp","href":"https:\/\/api.w.org\/{rel}","templated":true}]}}