{"id":1779,"date":"2023-02-15T08:49:02","date_gmt":"2023-02-15T07:49:02","guid":{"rendered":"https:\/\/sucsucwine.com\/portfolio\/"},"modified":"2024-04-12T10:57:40","modified_gmt":"2024-04-12T08:57:40","slug":"portfolio","status":"publish","type":"page","link":"https:\/\/sucsucwine.com\/es\/portfolio\/","title":{"rendered":"Portfolio"},"content":{"rendered":"<p>[et_pb_section fb_built=\u00bb1&#8243; _builder_version=\u00bb4.21.2&#8243; _module_preset=\u00bbdefault\u00bb background_color=\u00bb#1E3497&#8243; border_width_bottom=\u00bb1px\u00bb border_color_bottom=\u00bb#000000&#8243; locked=\u00bboff\u00bb global_colors_info=\u00bb{}\u00bb][et_pb_row _builder_version=\u00bb4.21.2&#8243; _module_preset=\u00bbdefault\u00bb custom_padding=\u00bb7.5em||7.5em||true|false\u00bb global_colors_info=\u00bb{}\u00bb][et_pb_column type=\u00bb4_4&#8243; _builder_version=\u00bb4.21.2&#8243; _module_preset=\u00bbdefault\u00bb global_colors_info=\u00bb{}\u00bb][et_pb_text _builder_version=\u00bb4.21.2&#8243; _module_preset=\u00bbdefault\u00bb header_font=\u00bb|||on|||||\u00bb header_text_align=\u00bbcenter\u00bb header_text_color=\u00bb#FE4454&#8243; header_font_size=\u00bb80px\u00bb header_font_size_tablet=\u00bb50px\u00bb header_font_size_phone=\u00bb30px\u00bb header_font_size_last_edited=\u00bbon|phone\u00bb global_colors_info=\u00bb{}\u00bb]<\/p>\n<h1>Portfolio<\/h1>\n<p>[\/et_pb_text][\/et_pb_column][\/et_pb_row][\/et_pb_section][et_pb_section fb_built=\u00bb1&#8243; module_id=\u00bbgrid-blog\u00bb _builder_version=\u00bb4.21.2&#8243; _module_preset=\u00bbdefault\u00bb background_color=\u00bb#EEE7E3&#8243; custom_padding=\u00bb0px||0px||true|false\u00bb border_width_bottom=\u00bb1px\u00bb border_color_bottom=\u00bb#000000&#8243; locked=\u00bboff\u00bb global_colors_info=\u00bb{}\u00bb][et_pb_row _builder_version=\u00bb4.21.2&#8243; _module_preset=\u00bbdefault\u00bb width=\u00bb100%\u00bb module_alignment=\u00bbcenter\u00bb min_height=\u00bb180px\u00bb custom_margin=\u00bb0px||0px||true|false\u00bb custom_padding=\u00bb0px||0px||true|false\u00bb custom_css_main_element=\u00bbdisplay:flex;||align-items:center;\u00bb border_width_right=\u00bb1px\u00bb border_color_right=\u00bb#000000&#8243; border_width_left=\u00bb1px\u00bb border_color_left=\u00bb#000000&#8243; global_colors_info=\u00bb{}\u00bb][et_pb_column type=\u00bb4_4&#8243; _builder_version=\u00bb4.19.5&#8243; _module_preset=\u00bbdefault\u00bb global_colors_info=\u00bb{}\u00bb][et_pb_blog post_type=\u00bbportfolio\u00bb posts_number=\u00bb7&#8243; show_more=\u00bbon\u00bb show_author=\u00bboff\u00bb show_date=\u00bboff\u00bb show_categories=\u00bboff\u00bb show_pagination=\u00bboff\u00bb _builder_version=\u00bb4.24.2&#8243; _module_preset=\u00bbdefault\u00bb body_font=\u00bbRoboto|700|||||||\u00bb read_more_font=\u00bbFraunces|600||on|||||\u00bb read_more_text_color=\u00bb#FFFFFF\u00bb hover_enabled=\u00bb0&#8243; custom_css_main_element=\u00bbdisplay:flex;\u00bb custom_css_featured_image=\u00bbmax-width:300px !important;\u00bb custom_css_read_more=\u00bbbackground-color:#F83F50;||max-width:fit-content;||padding:0.5em 3em;\u00bb global_colors_info=\u00bb{}\u00bb sticky_enabled=\u00bb0&#8243;][\/et_pb_blog][\/et_pb_column][\/et_pb_row][\/et_pb_section]<\/p>\n","protected":false},"excerpt":{"rendered":"<p>Portfolio<\/p>\n","protected":false},"author":1,"featured_media":0,"parent":0,"menu_order":0,"comment_status":"closed","ping_status":"closed","template":"","meta":{"_acf_changed":false,"_et_pb_use_builder":"on","_et_pb_old_content":"","_et_gb_content_width":"","inline_featured_image":false,"footnotes":""},"class_list":["post-1779","page","type-page","status-publish","hentry"],"acf":[],"yoast_head":"<!-- This site is optimized with the Yoast SEO plugin v27.5 - https:\/\/yoast.com\/product\/yoast-seo-wordpress\/ -->\n<title>Portafolio Suc Suc \u2013 Proyectos y Eventos de Vino Natural<\/title>\n<meta name=\"description\" content=\"Suc Suc es una agencia de asesor\u00eda para la hosteler\u00eda en Barcelona especializada en vino natural. Aqu\u00ed se muestra nuestro trabajo en cartas de vino natural, aperturas de restaurantes, eventos y catas privadas.\" \/>\n<meta name=\"robots\" content=\"index, follow, max-snippet:-1, max-image-preview:large, max-video-preview:-1\" \/>\n<link rel=\"canonical\" href=\"https:\/\/sucsucwine.com\/portfolio\/\" \/>\n<meta property=\"og:locale\" content=\"es_ES\" \/>\n<meta property=\"og:type\" content=\"article\" \/>\n<meta property=\"og:title\" content=\"Portafolio Suc Suc \u2013 Proyectos y Eventos de Vino Natural\" \/>\n<meta property=\"og:description\" content=\"Suc Suc es una agencia de asesor\u00eda para la hosteler\u00eda en Barcelona especializada en vino natural. Aqu\u00ed se muestra nuestro trabajo en cartas de vino natural, aperturas de restaurantes, eventos y catas privadas.\" \/>\n<meta property=\"og:url\" content=\"https:\/\/sucsucwine.com\/portfolio\/\" \/>\n<meta property=\"og:site_name\" content=\"Suc Suc Wine\" \/>\n<meta property=\"article:modified_time\" content=\"2024-04-12T08:57:40+00:00\" \/>\n<meta name=\"twitter:card\" content=\"summary_large_image\" \/>\n<meta name=\"twitter:label1\" content=\"Tiempo de lectura\" \/>\n\t<meta name=\"twitter:data1\" content=\"1 minuto\" \/>\n<script type=\"application\/ld+json\" class=\"yoast-schema-graph\">{\"@context\":\"https:\\\/\\\/schema.org\",\"@graph\":[{\"@type\":\"WebPage\",\"@id\":\"https:\\\/\\\/sucsucwine.com\\\/portfolio\\\/\",\"url\":\"https:\\\/\\\/sucsucwine.com\\\/portfolio\\\/\",\"name\":\"Portafolio Suc Suc \u2013 Proyectos y Eventos de Vino Natural\",\"isPartOf\":{\"@id\":\"https:\\\/\\\/sucsucwine.com\\\/#website\"},\"datePublished\":\"2023-02-15T07:49:02+00:00\",\"dateModified\":\"2024-04-12T08:57:40+00:00\",\"description\":\"Suc Suc es una agencia de asesor\u00eda para la hosteler\u00eda en Barcelona especializada en vino natural. Aqu\u00ed se muestra nuestro trabajo en cartas de vino natural, aperturas de restaurantes, eventos y catas privadas.\",\"breadcrumb\":{\"@id\":\"https:\\\/\\\/sucsucwine.com\\\/portfolio\\\/#breadcrumb\"},\"inLanguage\":\"es\",\"potentialAction\":[{\"@type\":\"ReadAction\",\"target\":[\"https:\\\/\\\/sucsucwine.com\\\/portfolio\\\/\"]}]},{\"@type\":\"BreadcrumbList\",\"@id\":\"https:\\\/\\\/sucsucwine.com\\\/portfolio\\\/#breadcrumb\",\"itemListElement\":[{\"@type\":\"ListItem\",\"position\":1,\"name\":\"Portada\",\"item\":\"https:\\\/\\\/sucsucwine.com\\\/en\\\/\"},{\"@type\":\"ListItem\",\"position\":2,\"name\":\"Portfolio\"}]},{\"@type\":\"WebSite\",\"@id\":\"https:\\\/\\\/sucsucwine.com\\\/#website\",\"url\":\"https:\\\/\\\/sucsucwine.com\\\/\",\"name\":\"Suc Suc Wine\",\"description\":\"Natural wine\",\"potentialAction\":[{\"@type\":\"SearchAction\",\"target\":{\"@type\":\"EntryPoint\",\"urlTemplate\":\"https:\\\/\\\/sucsucwine.com\\\/?s={search_term_string}\"},\"query-input\":{\"@type\":\"PropertyValueSpecification\",\"valueRequired\":true,\"valueName\":\"search_term_string\"}}],\"inLanguage\":\"es\"}]}<\/script>\n<!-- \/ Yoast SEO plugin. -->","yoast_head_json":{"title":"Portafolio Suc Suc \u2013 Proyectos y Eventos de Vino Natural","description":"Suc Suc es una agencia de asesor\u00eda para la hosteler\u00eda en Barcelona especializada en vino natural. Aqu\u00ed se muestra nuestro trabajo en cartas de vino natural, aperturas de restaurantes, eventos y catas privadas.","robots":{"index":"index","follow":"follow","max-snippet":"max-snippet:-1","max-image-preview":"max-image-preview:large","max-video-preview":"max-video-preview:-1"},"canonical":"https:\/\/sucsucwine.com\/portfolio\/","og_locale":"es_ES","og_type":"article","og_title":"Portafolio Suc Suc \u2013 Proyectos y Eventos de Vino Natural","og_description":"Suc Suc es una agencia de asesor\u00eda para la hosteler\u00eda en Barcelona especializada en vino natural. Aqu\u00ed se muestra nuestro trabajo en cartas de vino natural, aperturas de restaurantes, eventos y catas privadas.","og_url":"https:\/\/sucsucwine.com\/portfolio\/","og_site_name":"Suc Suc Wine","article_modified_time":"2024-04-12T08:57:40+00:00","twitter_card":"summary_large_image","twitter_misc":{"Tiempo de lectura":"1 minuto"},"schema":{"@context":"https:\/\/schema.org","@graph":[{"@type":"WebPage","@id":"https:\/\/sucsucwine.com\/portfolio\/","url":"https:\/\/sucsucwine.com\/portfolio\/","name":"Portafolio Suc Suc \u2013 Proyectos y Eventos de Vino Natural","isPartOf":{"@id":"https:\/\/sucsucwine.com\/#website"},"datePublished":"2023-02-15T07:49:02+00:00","dateModified":"2024-04-12T08:57:40+00:00","description":"Suc Suc es una agencia de asesor\u00eda para la hosteler\u00eda en Barcelona especializada en vino natural. Aqu\u00ed se muestra nuestro trabajo en cartas de vino natural, aperturas de restaurantes, eventos y catas privadas.","breadcrumb":{"@id":"https:\/\/sucsucwine.com\/portfolio\/#breadcrumb"},"inLanguage":"es","potentialAction":[{"@type":"ReadAction","target":["https:\/\/sucsucwine.com\/portfolio\/"]}]},{"@type":"BreadcrumbList","@id":"https:\/\/sucsucwine.com\/portfolio\/#breadcrumb","itemListElement":[{"@type":"ListItem","position":1,"name":"Portada","item":"https:\/\/sucsucwine.com\/en\/"},{"@type":"ListItem","position":2,"name":"Portfolio"}]},{"@type":"WebSite","@id":"https:\/\/sucsucwine.com\/#website","url":"https:\/\/sucsucwine.com\/","name":"Suc Suc Wine","description":"Natural wine","potentialAction":[{"@type":"SearchAction","target":{"@type":"EntryPoint","urlTemplate":"https:\/\/sucsucwine.com\/?s={search_term_string}"},"query-input":{"@type":"PropertyValueSpecification","valueRequired":true,"valueName":"search_term_string"}}],"inLanguage":"es"}]}},"_links":{"self":[{"href":"https:\/\/sucsucwine.com\/es\/wp-json\/wp\/v2\/pages\/1779","targetHints":{"allow":["GET"]}}],"collection":[{"href":"https:\/\/sucsucwine.com\/es\/wp-json\/wp\/v2\/pages"}],"about":[{"href":"https:\/\/sucsucwine.com\/es\/wp-json\/wp\/v2\/types\/page"}],"author":[{"embeddable":true,"href":"https:\/\/sucsucwine.com\/es\/wp-json\/wp\/v2\/users\/1"}],"replies":[{"embeddable":true,"href":"https:\/\/sucsucwine.com\/es\/wp-json\/wp\/v2\/comments?post=1779"}],"version-history":[{"count":0,"href":"https:\/\/sucsucwine.com\/es\/wp-json\/wp\/v2\/pages\/1779\/revisions"}],"wp:attachment":[{"href":"https:\/\/sucsucwine.com\/es\/wp-json\/wp\/v2\/media?parent=1779"}],"curies":[{"name":"wp","href":"https:\/\/api.w.org\/{rel}","templated":true}]}}