{"id":3069,"date":"2025-10-02T11:23:42","date_gmt":"2025-10-02T09:23:42","guid":{"rendered":"https:\/\/sucsucwine.com\/?post_type=product&#038;p=3069"},"modified":"2026-04-07T19:54:06","modified_gmt":"2026-04-07T17:54:06","slug":"aprender-todo-sobre-el-vino-natural-primavera-2026","status":"publish","type":"product","link":"https:\/\/sucsucwine.com\/es\/producto\/aprender-todo-sobre-el-vino-natural-primavera-2026\/","title":{"rendered":"CURSO: TODO SOBRE EL VINO NATURAL &#8211; PRIMAVERA 2026"},"content":{"rendered":"<p>Una formaci\u00f3n intensiva de vinos naturales en Barcelona sobre el origen y la elaboraci\u00f3n del campo a copa. Aprender\u00e1s a reconocer variedades, climas, suelos, fermentaciones, elaboraciones y crianzas a trav\u00e9s de la cata a ciegas.<\/p>\n","protected":false},"excerpt":{"rendered":"<p>Una formaci\u00f3n intensiva de vinos naturales en Barcelona sobre el origen y la elaboraci\u00f3n del campo a copa. Aprender\u00e1s a reconocer variedades, climas, suelos, fermentaciones, elaboraciones y crianzas a trav\u00e9s de la cata a ciegas.<\/p>\n","protected":false},"featured_media":3079,"comment_status":"closed","ping_status":"closed","template":"","meta":{"_acf_changed":false,"_et_pb_use_builder":"","_et_pb_old_content":"","_et_gb_content_width":"","inline_featured_image":false},"product_brand":[],"product_cat":[35],"product_tag":[],"class_list":{"0":"post-3069","1":"product","2":"type-product","3":"status-publish","4":"has-post-thumbnail","6":"product_cat-cursos","8":"first","9":"instock","10":"virtual","11":"taxable","12":"purchasable","13":"product-type-simple"},"acf":[],"yoast_head":"<!-- This site is optimized with the Yoast SEO plugin v27.5 - https:\/\/yoast.com\/product\/yoast-seo-wordpress\/ -->\n<title>Curso: Formaci\u00f3n Todo Sobre el Vino Natural en Barcelona<\/title>\n<meta name=\"description\" content=\"Una formaci\u00f3n en vino natural intensiva de 10 semanas en Barcelona, sobre el origen y la elaboraci\u00f3n del campo a copa. Incluye 60+ vinos catados a ciegas.\" \/>\n<meta name=\"robots\" content=\"index, follow, max-snippet:-1, max-image-preview:large, max-video-preview:-1\" \/>\n<link rel=\"canonical\" href=\"https:\/\/sucsucwine.com\/es\/producto\/aprender-todo-sobre-el-vino-natural-primavera-2026\/\" \/>\n<meta property=\"og:locale\" content=\"es_ES\" \/>\n<meta property=\"og:type\" content=\"article\" \/>\n<meta property=\"og:title\" content=\"Curso: Formaci\u00f3n Todo Sobre el Vino Natural en Barcelona\" \/>\n<meta property=\"og:description\" content=\"Una formaci\u00f3n en vino natural intensiva de 10 semanas en Barcelona, sobre el origen y la elaboraci\u00f3n del campo a copa. Incluye 60+ vinos catados a ciegas.\" \/>\n<meta property=\"og:url\" content=\"https:\/\/sucsucwine.com\/es\/producto\/aprender-todo-sobre-el-vino-natural-primavera-2026\/\" \/>\n<meta property=\"og:site_name\" content=\"Suc Suc Wine\" \/>\n<meta property=\"article:modified_time\" content=\"2026-04-07T17:54:06+00:00\" \/>\n<meta property=\"og:image\" content=\"https:\/\/sucsucwine.com\/wp-content\/uploads\/2024\/06\/Suc-Suc-Curso-Todo-Sobre-el-Vino-Natural.webp\" \/>\n\t<meta property=\"og:image:width\" content=\"727\" \/>\n\t<meta property=\"og:image:height\" content=\"813\" \/>\n\t<meta property=\"og:image:type\" content=\"image\/webp\" \/>\n<meta name=\"twitter:card\" content=\"summary_large_image\" \/>\n<meta name=\"twitter:label1\" content=\"Tiempo de lectura\" \/>\n\t<meta name=\"twitter:data1\" content=\"1 minuto\" \/>\n<script type=\"application\/ld+json\" class=\"yoast-schema-graph\">{\"@context\":\"https:\\\/\\\/schema.org\",\"@graph\":[{\"@type\":\"WebPage\",\"@id\":\"https:\\\/\\\/sucsucwine.com\\\/es\\\/producto\\\/aprender-todo-sobre-el-vino-natural-primavera-2026\\\/\",\"url\":\"https:\\\/\\\/sucsucwine.com\\\/es\\\/producto\\\/aprender-todo-sobre-el-vino-natural-primavera-2026\\\/\",\"name\":\"Curso: Formaci\u00f3n Todo Sobre el Vino Natural en Barcelona\",\"isPartOf\":{\"@id\":\"https:\\\/\\\/sucsucwine.com\\\/#website\"},\"primaryImageOfPage\":{\"@id\":\"https:\\\/\\\/sucsucwine.com\\\/es\\\/producto\\\/aprender-todo-sobre-el-vino-natural-primavera-2026\\\/#primaryimage\"},\"image\":{\"@id\":\"https:\\\/\\\/sucsucwine.com\\\/es\\\/producto\\\/aprender-todo-sobre-el-vino-natural-primavera-2026\\\/#primaryimage\"},\"thumbnailUrl\":\"https:\\\/\\\/sucsucwine.com\\\/wp-content\\\/uploads\\\/2024\\\/06\\\/Suc-Suc-Curso-Todo-Sobre-el-Vino-Natural.webp\",\"datePublished\":\"2025-10-02T09:23:42+00:00\",\"dateModified\":\"2026-04-07T17:54:06+00:00\",\"description\":\"Una formaci\u00f3n en vino natural intensiva de 10 semanas en Barcelona, sobre el origen y la elaboraci\u00f3n del campo a copa. Incluye 60+ vinos catados a ciegas.\",\"breadcrumb\":{\"@id\":\"https:\\\/\\\/sucsucwine.com\\\/es\\\/producto\\\/aprender-todo-sobre-el-vino-natural-primavera-2026\\\/#breadcrumb\"},\"inLanguage\":\"es\",\"potentialAction\":[{\"@type\":\"ReadAction\",\"target\":[\"https:\\\/\\\/sucsucwine.com\\\/es\\\/producto\\\/aprender-todo-sobre-el-vino-natural-primavera-2026\\\/\"]}]},{\"@type\":\"ImageObject\",\"inLanguage\":\"es\",\"@id\":\"https:\\\/\\\/sucsucwine.com\\\/es\\\/producto\\\/aprender-todo-sobre-el-vino-natural-primavera-2026\\\/#primaryimage\",\"url\":\"https:\\\/\\\/sucsucwine.com\\\/wp-content\\\/uploads\\\/2024\\\/06\\\/Suc-Suc-Curso-Todo-Sobre-el-Vino-Natural.webp\",\"contentUrl\":\"https:\\\/\\\/sucsucwine.com\\\/wp-content\\\/uploads\\\/2024\\\/06\\\/Suc-Suc-Curso-Todo-Sobre-el-Vino-Natural.webp\",\"width\":727,\"height\":813},{\"@type\":\"BreadcrumbList\",\"@id\":\"https:\\\/\\\/sucsucwine.com\\\/es\\\/producto\\\/aprender-todo-sobre-el-vino-natural-primavera-2026\\\/#breadcrumb\",\"itemListElement\":[{\"@type\":\"ListItem\",\"position\":1,\"name\":\"Portada\",\"item\":\"https:\\\/\\\/sucsucwine.com\\\/en\\\/\"},{\"@type\":\"ListItem\",\"position\":2,\"name\":\"Productos\",\"item\":\"https:\\\/\\\/sucsucwine.com\\\/es\\\/es-catas-cursos-clases-vino-natural\\\/\"},{\"@type\":\"ListItem\",\"position\":3,\"name\":\"CURSO: TODO SOBRE EL VINO NATURAL &#8211; PRIMAVERA 2026\"}]},{\"@type\":\"WebSite\",\"@id\":\"https:\\\/\\\/sucsucwine.com\\\/#website\",\"url\":\"https:\\\/\\\/sucsucwine.com\\\/\",\"name\":\"Suc Suc Wine\",\"description\":\"Natural wine\",\"potentialAction\":[{\"@type\":\"SearchAction\",\"target\":{\"@type\":\"EntryPoint\",\"urlTemplate\":\"https:\\\/\\\/sucsucwine.com\\\/?s={search_term_string}\"},\"query-input\":{\"@type\":\"PropertyValueSpecification\",\"valueRequired\":true,\"valueName\":\"search_term_string\"}}],\"inLanguage\":\"es\"}]}<\/script>\n<!-- \/ Yoast SEO plugin. -->","yoast_head_json":{"title":"Curso: Formaci\u00f3n Todo Sobre el Vino Natural en Barcelona","description":"Una formaci\u00f3n en vino natural intensiva de 10 semanas en Barcelona, sobre el origen y la elaboraci\u00f3n del campo a copa. Incluye 60+ vinos catados a ciegas.","robots":{"index":"index","follow":"follow","max-snippet":"max-snippet:-1","max-image-preview":"max-image-preview:large","max-video-preview":"max-video-preview:-1"},"canonical":"https:\/\/sucsucwine.com\/es\/producto\/aprender-todo-sobre-el-vino-natural-primavera-2026\/","og_locale":"es_ES","og_type":"article","og_title":"Curso: Formaci\u00f3n Todo Sobre el Vino Natural en Barcelona","og_description":"Una formaci\u00f3n en vino natural intensiva de 10 semanas en Barcelona, sobre el origen y la elaboraci\u00f3n del campo a copa. Incluye 60+ vinos catados a ciegas.","og_url":"https:\/\/sucsucwine.com\/es\/producto\/aprender-todo-sobre-el-vino-natural-primavera-2026\/","og_site_name":"Suc Suc Wine","article_modified_time":"2026-04-07T17:54:06+00:00","og_image":[{"width":727,"height":813,"url":"https:\/\/sucsucwine.com\/wp-content\/uploads\/2024\/06\/Suc-Suc-Curso-Todo-Sobre-el-Vino-Natural.webp","type":"image\/webp"}],"twitter_card":"summary_large_image","twitter_misc":{"Tiempo de lectura":"1 minuto"},"schema":{"@context":"https:\/\/schema.org","@graph":[{"@type":"WebPage","@id":"https:\/\/sucsucwine.com\/es\/producto\/aprender-todo-sobre-el-vino-natural-primavera-2026\/","url":"https:\/\/sucsucwine.com\/es\/producto\/aprender-todo-sobre-el-vino-natural-primavera-2026\/","name":"Curso: Formaci\u00f3n Todo Sobre el Vino Natural en Barcelona","isPartOf":{"@id":"https:\/\/sucsucwine.com\/#website"},"primaryImageOfPage":{"@id":"https:\/\/sucsucwine.com\/es\/producto\/aprender-todo-sobre-el-vino-natural-primavera-2026\/#primaryimage"},"image":{"@id":"https:\/\/sucsucwine.com\/es\/producto\/aprender-todo-sobre-el-vino-natural-primavera-2026\/#primaryimage"},"thumbnailUrl":"https:\/\/sucsucwine.com\/wp-content\/uploads\/2024\/06\/Suc-Suc-Curso-Todo-Sobre-el-Vino-Natural.webp","datePublished":"2025-10-02T09:23:42+00:00","dateModified":"2026-04-07T17:54:06+00:00","description":"Una formaci\u00f3n en vino natural intensiva de 10 semanas en Barcelona, sobre el origen y la elaboraci\u00f3n del campo a copa. Incluye 60+ vinos catados a ciegas.","breadcrumb":{"@id":"https:\/\/sucsucwine.com\/es\/producto\/aprender-todo-sobre-el-vino-natural-primavera-2026\/#breadcrumb"},"inLanguage":"es","potentialAction":[{"@type":"ReadAction","target":["https:\/\/sucsucwine.com\/es\/producto\/aprender-todo-sobre-el-vino-natural-primavera-2026\/"]}]},{"@type":"ImageObject","inLanguage":"es","@id":"https:\/\/sucsucwine.com\/es\/producto\/aprender-todo-sobre-el-vino-natural-primavera-2026\/#primaryimage","url":"https:\/\/sucsucwine.com\/wp-content\/uploads\/2024\/06\/Suc-Suc-Curso-Todo-Sobre-el-Vino-Natural.webp","contentUrl":"https:\/\/sucsucwine.com\/wp-content\/uploads\/2024\/06\/Suc-Suc-Curso-Todo-Sobre-el-Vino-Natural.webp","width":727,"height":813},{"@type":"BreadcrumbList","@id":"https:\/\/sucsucwine.com\/es\/producto\/aprender-todo-sobre-el-vino-natural-primavera-2026\/#breadcrumb","itemListElement":[{"@type":"ListItem","position":1,"name":"Portada","item":"https:\/\/sucsucwine.com\/en\/"},{"@type":"ListItem","position":2,"name":"Productos","item":"https:\/\/sucsucwine.com\/es\/es-catas-cursos-clases-vino-natural\/"},{"@type":"ListItem","position":3,"name":"CURSO: TODO SOBRE EL VINO NATURAL &#8211; PRIMAVERA 2026"}]},{"@type":"WebSite","@id":"https:\/\/sucsucwine.com\/#website","url":"https:\/\/sucsucwine.com\/","name":"Suc Suc Wine","description":"Natural wine","potentialAction":[{"@type":"SearchAction","target":{"@type":"EntryPoint","urlTemplate":"https:\/\/sucsucwine.com\/?s={search_term_string}"},"query-input":{"@type":"PropertyValueSpecification","valueRequired":true,"valueName":"search_term_string"}}],"inLanguage":"es"}]}},"_links":{"self":[{"href":"https:\/\/sucsucwine.com\/es\/wp-json\/wp\/v2\/product\/3069","targetHints":{"allow":["GET"]}}],"collection":[{"href":"https:\/\/sucsucwine.com\/es\/wp-json\/wp\/v2\/product"}],"about":[{"href":"https:\/\/sucsucwine.com\/es\/wp-json\/wp\/v2\/types\/product"}],"replies":[{"embeddable":true,"href":"https:\/\/sucsucwine.com\/es\/wp-json\/wp\/v2\/comments?post=3069"}],"wp:featuredmedia":[{"embeddable":true,"href":"https:\/\/sucsucwine.com\/es\/wp-json\/wp\/v2\/media\/3079"}],"wp:attachment":[{"href":"https:\/\/sucsucwine.com\/es\/wp-json\/wp\/v2\/media?parent=3069"}],"wp:term":[{"taxonomy":"product_brand","embeddable":true,"href":"https:\/\/sucsucwine.com\/es\/wp-json\/wp\/v2\/product_brand?post=3069"},{"taxonomy":"product_cat","embeddable":true,"href":"https:\/\/sucsucwine.com\/es\/wp-json\/wp\/v2\/product_cat?post=3069"},{"taxonomy":"product_tag","embeddable":true,"href":"https:\/\/sucsucwine.com\/es\/wp-json\/wp\/v2\/product_tag?post=3069"}],"curies":[{"name":"wp","href":"https:\/\/api.w.org\/{rel}","templated":true}]}}