{"id":3156,"date":"2024-05-27T11:26:12","date_gmt":"2024-05-27T09:26:12","guid":{"rendered":"https:\/\/sucsucwine.com\/?post_type=product&#038;p=3156"},"modified":"2025-05-07T16:57:47","modified_gmt":"2025-05-07T14:57:47","slug":"taller-que-es-el-vino-natural-mayo-25","status":"publish","type":"product","link":"https:\/\/sucsucwine.com\/es\/producto\/taller-que-es-el-vino-natural-mayo-25\/","title":{"rendered":"TALLER: \u00bfQU\u00c9 ES EL VINO NATURAL? &#8211; MAYO"},"content":{"rendered":"<p>Un taller sobre como definir el vino natural: la viticultura sostenible, la fermentaci\u00f3n espont\u00e1nea, la m\u00ednima intervenci\u00f3n y mucho m\u00e1s. \u00bfQu\u00e9 es el vino natural? Y, \u00bfqui\u00e9n tiene derecho a decidir?<\/p>\n","protected":false},"excerpt":{"rendered":"<p>Un taller sobre la viticultura sostenible, la fermentaci\u00f3n espont\u00e1nea, la m\u00ednima intervenci\u00f3n y mucho m\u00e1s. \u00bfC\u00f3mo definir el vino natural? Y, \u00bfqui\u00e9n tiene derecho a decidir? Impartido en castellano.<\/p>\n","protected":false},"featured_media":2701,"comment_status":"closed","ping_status":"closed","template":"","meta":{"_acf_changed":false,"_et_pb_use_builder":"off","_et_pb_old_content":"A juicy course about natural wine for beginners: a day-long intensive program that will teach you what it is and why it tastes so different!","_et_gb_content_width":"","inline_featured_image":false},"product_brand":[],"product_cat":[36],"product_tag":[],"class_list":{"0":"post-3156","1":"product","2":"type-product","3":"status-publish","4":"has-post-thumbnail","6":"product_cat-clases","8":"first","9":"outofstock","10":"taxable","11":"shipping-taxable","12":"purchasable","13":"product-type-simple"},"acf":[],"yoast_head":"<!-- This site is optimized with the Yoast SEO plugin v27.4 - https:\/\/yoast.com\/product\/yoast-seo-wordpress\/ -->\n<title>\u00bfQu\u00e9 es el Vino Natural? Clase introductoria<\/title>\n<meta name=\"description\" content=\"Una clase sobre la viticultura, la fermentaci\u00f3n, la vinificaci\u00f3n y la definici\u00f3n de qu\u00e9 es el vino natural. Cata\/taller para desarrollar tu propio criterio.\" \/>\n<meta name=\"robots\" content=\"index, follow, max-snippet:-1, max-image-preview:large, max-video-preview:-1\" \/>\n<link rel=\"canonical\" href=\"https:\/\/sucsucwine.com\/es\/producto\/taller-que-es-el-vino-natural-mayo-25\/\" \/>\n<meta property=\"og:locale\" content=\"es_ES\" \/>\n<meta property=\"og:type\" content=\"article\" \/>\n<meta property=\"og:title\" content=\"\u00bfQu\u00e9 es el Vino Natural? Clase introductoria\" \/>\n<meta property=\"og:description\" content=\"Una clase sobre la viticultura, la fermentaci\u00f3n, la vinificaci\u00f3n y la definici\u00f3n de qu\u00e9 es el vino natural. Cata\/taller para desarrollar tu propio criterio.\" \/>\n<meta property=\"og:url\" content=\"https:\/\/sucsucwine.com\/es\/producto\/taller-que-es-el-vino-natural-mayo-25\/\" \/>\n<meta property=\"og:site_name\" content=\"Suc Suc Wine\" \/>\n<meta property=\"article:modified_time\" content=\"2025-05-07T14:57:47+00:00\" \/>\n<meta property=\"og:image\" content=\"https:\/\/sucsucwine.com\/wp-content\/uploads\/2024\/04\/Suc-Suc-clase-definicion-del-vino-natural.png\" \/>\n\t<meta property=\"og:image:width\" content=\"727\" \/>\n\t<meta property=\"og:image:height\" content=\"813\" \/>\n\t<meta property=\"og:image:type\" content=\"image\/png\" \/>\n<meta name=\"twitter:card\" content=\"summary_large_image\" \/>\n<meta name=\"twitter:label1\" content=\"Tiempo de lectura\" \/>\n\t<meta name=\"twitter:data1\" content=\"1 minuto\" \/>\n<script type=\"application\/ld+json\" class=\"yoast-schema-graph\">{\"@context\":\"https:\\\/\\\/schema.org\",\"@graph\":[{\"@type\":\"WebPage\",\"@id\":\"https:\\\/\\\/sucsucwine.com\\\/es\\\/producto\\\/taller-que-es-el-vino-natural-mayo-25\\\/\",\"url\":\"https:\\\/\\\/sucsucwine.com\\\/es\\\/producto\\\/taller-que-es-el-vino-natural-mayo-25\\\/\",\"name\":\"\u00bfQu\u00e9 es el Vino Natural? Clase introductoria\",\"isPartOf\":{\"@id\":\"https:\\\/\\\/sucsucwine.com\\\/#website\"},\"primaryImageOfPage\":{\"@id\":\"https:\\\/\\\/sucsucwine.com\\\/es\\\/producto\\\/taller-que-es-el-vino-natural-mayo-25\\\/#primaryimage\"},\"image\":{\"@id\":\"https:\\\/\\\/sucsucwine.com\\\/es\\\/producto\\\/taller-que-es-el-vino-natural-mayo-25\\\/#primaryimage\"},\"thumbnailUrl\":\"https:\\\/\\\/sucsucwine.com\\\/wp-content\\\/uploads\\\/2024\\\/04\\\/Suc-Suc-clase-definicion-del-vino-natural.png\",\"datePublished\":\"2024-05-27T09:26:12+00:00\",\"dateModified\":\"2025-05-07T14:57:47+00:00\",\"description\":\"Una clase sobre la viticultura, la fermentaci\u00f3n, la vinificaci\u00f3n y la definici\u00f3n de qu\u00e9 es el vino natural. Cata\\\/taller para desarrollar tu propio criterio.\",\"breadcrumb\":{\"@id\":\"https:\\\/\\\/sucsucwine.com\\\/es\\\/producto\\\/taller-que-es-el-vino-natural-mayo-25\\\/#breadcrumb\"},\"inLanguage\":\"es\",\"potentialAction\":[{\"@type\":\"ReadAction\",\"target\":[\"https:\\\/\\\/sucsucwine.com\\\/es\\\/producto\\\/taller-que-es-el-vino-natural-mayo-25\\\/\"]}]},{\"@type\":\"ImageObject\",\"inLanguage\":\"es\",\"@id\":\"https:\\\/\\\/sucsucwine.com\\\/es\\\/producto\\\/taller-que-es-el-vino-natural-mayo-25\\\/#primaryimage\",\"url\":\"https:\\\/\\\/sucsucwine.com\\\/wp-content\\\/uploads\\\/2024\\\/04\\\/Suc-Suc-clase-definicion-del-vino-natural.png\",\"contentUrl\":\"https:\\\/\\\/sucsucwine.com\\\/wp-content\\\/uploads\\\/2024\\\/04\\\/Suc-Suc-clase-definicion-del-vino-natural.png\",\"width\":727,\"height\":813},{\"@type\":\"BreadcrumbList\",\"@id\":\"https:\\\/\\\/sucsucwine.com\\\/es\\\/producto\\\/taller-que-es-el-vino-natural-mayo-25\\\/#breadcrumb\",\"itemListElement\":[{\"@type\":\"ListItem\",\"position\":1,\"name\":\"Portada\",\"item\":\"https:\\\/\\\/sucsucwine.com\\\/en\\\/\"},{\"@type\":\"ListItem\",\"position\":2,\"name\":\"Productos\",\"item\":\"https:\\\/\\\/sucsucwine.com\\\/es\\\/es-catas-cursos-clases-vino-natural\\\/\"},{\"@type\":\"ListItem\",\"position\":3,\"name\":\"TALLER: \u00bfQU\u00c9 ES EL VINO NATURAL? &#8211; MAYO\"}]},{\"@type\":\"WebSite\",\"@id\":\"https:\\\/\\\/sucsucwine.com\\\/#website\",\"url\":\"https:\\\/\\\/sucsucwine.com\\\/\",\"name\":\"Suc Suc Wine\",\"description\":\"Natural wine\",\"potentialAction\":[{\"@type\":\"SearchAction\",\"target\":{\"@type\":\"EntryPoint\",\"urlTemplate\":\"https:\\\/\\\/sucsucwine.com\\\/?s={search_term_string}\"},\"query-input\":{\"@type\":\"PropertyValueSpecification\",\"valueRequired\":true,\"valueName\":\"search_term_string\"}}],\"inLanguage\":\"es\"}]}<\/script>\n<!-- \/ Yoast SEO plugin. -->","yoast_head_json":{"title":"\u00bfQu\u00e9 es el Vino Natural? Clase introductoria","description":"Una clase sobre la viticultura, la fermentaci\u00f3n, la vinificaci\u00f3n y la definici\u00f3n de qu\u00e9 es el vino natural. Cata\/taller para desarrollar tu propio criterio.","robots":{"index":"index","follow":"follow","max-snippet":"max-snippet:-1","max-image-preview":"max-image-preview:large","max-video-preview":"max-video-preview:-1"},"canonical":"https:\/\/sucsucwine.com\/es\/producto\/taller-que-es-el-vino-natural-mayo-25\/","og_locale":"es_ES","og_type":"article","og_title":"\u00bfQu\u00e9 es el Vino Natural? Clase introductoria","og_description":"Una clase sobre la viticultura, la fermentaci\u00f3n, la vinificaci\u00f3n y la definici\u00f3n de qu\u00e9 es el vino natural. Cata\/taller para desarrollar tu propio criterio.","og_url":"https:\/\/sucsucwine.com\/es\/producto\/taller-que-es-el-vino-natural-mayo-25\/","og_site_name":"Suc Suc Wine","article_modified_time":"2025-05-07T14:57:47+00:00","og_image":[{"width":727,"height":813,"url":"https:\/\/sucsucwine.com\/wp-content\/uploads\/2024\/04\/Suc-Suc-clase-definicion-del-vino-natural.png","type":"image\/png"}],"twitter_card":"summary_large_image","twitter_misc":{"Tiempo de lectura":"1 minuto"},"schema":{"@context":"https:\/\/schema.org","@graph":[{"@type":"WebPage","@id":"https:\/\/sucsucwine.com\/es\/producto\/taller-que-es-el-vino-natural-mayo-25\/","url":"https:\/\/sucsucwine.com\/es\/producto\/taller-que-es-el-vino-natural-mayo-25\/","name":"\u00bfQu\u00e9 es el Vino Natural? Clase introductoria","isPartOf":{"@id":"https:\/\/sucsucwine.com\/#website"},"primaryImageOfPage":{"@id":"https:\/\/sucsucwine.com\/es\/producto\/taller-que-es-el-vino-natural-mayo-25\/#primaryimage"},"image":{"@id":"https:\/\/sucsucwine.com\/es\/producto\/taller-que-es-el-vino-natural-mayo-25\/#primaryimage"},"thumbnailUrl":"https:\/\/sucsucwine.com\/wp-content\/uploads\/2024\/04\/Suc-Suc-clase-definicion-del-vino-natural.png","datePublished":"2024-05-27T09:26:12+00:00","dateModified":"2025-05-07T14:57:47+00:00","description":"Una clase sobre la viticultura, la fermentaci\u00f3n, la vinificaci\u00f3n y la definici\u00f3n de qu\u00e9 es el vino natural. Cata\/taller para desarrollar tu propio criterio.","breadcrumb":{"@id":"https:\/\/sucsucwine.com\/es\/producto\/taller-que-es-el-vino-natural-mayo-25\/#breadcrumb"},"inLanguage":"es","potentialAction":[{"@type":"ReadAction","target":["https:\/\/sucsucwine.com\/es\/producto\/taller-que-es-el-vino-natural-mayo-25\/"]}]},{"@type":"ImageObject","inLanguage":"es","@id":"https:\/\/sucsucwine.com\/es\/producto\/taller-que-es-el-vino-natural-mayo-25\/#primaryimage","url":"https:\/\/sucsucwine.com\/wp-content\/uploads\/2024\/04\/Suc-Suc-clase-definicion-del-vino-natural.png","contentUrl":"https:\/\/sucsucwine.com\/wp-content\/uploads\/2024\/04\/Suc-Suc-clase-definicion-del-vino-natural.png","width":727,"height":813},{"@type":"BreadcrumbList","@id":"https:\/\/sucsucwine.com\/es\/producto\/taller-que-es-el-vino-natural-mayo-25\/#breadcrumb","itemListElement":[{"@type":"ListItem","position":1,"name":"Portada","item":"https:\/\/sucsucwine.com\/en\/"},{"@type":"ListItem","position":2,"name":"Productos","item":"https:\/\/sucsucwine.com\/es\/es-catas-cursos-clases-vino-natural\/"},{"@type":"ListItem","position":3,"name":"TALLER: \u00bfQU\u00c9 ES EL VINO NATURAL? &#8211; MAYO"}]},{"@type":"WebSite","@id":"https:\/\/sucsucwine.com\/#website","url":"https:\/\/sucsucwine.com\/","name":"Suc Suc Wine","description":"Natural wine","potentialAction":[{"@type":"SearchAction","target":{"@type":"EntryPoint","urlTemplate":"https:\/\/sucsucwine.com\/?s={search_term_string}"},"query-input":{"@type":"PropertyValueSpecification","valueRequired":true,"valueName":"search_term_string"}}],"inLanguage":"es"}]}},"_links":{"self":[{"href":"https:\/\/sucsucwine.com\/es\/wp-json\/wp\/v2\/product\/3156","targetHints":{"allow":["GET"]}}],"collection":[{"href":"https:\/\/sucsucwine.com\/es\/wp-json\/wp\/v2\/product"}],"about":[{"href":"https:\/\/sucsucwine.com\/es\/wp-json\/wp\/v2\/types\/product"}],"replies":[{"embeddable":true,"href":"https:\/\/sucsucwine.com\/es\/wp-json\/wp\/v2\/comments?post=3156"}],"wp:featuredmedia":[{"embeddable":true,"href":"https:\/\/sucsucwine.com\/es\/wp-json\/wp\/v2\/media\/2701"}],"wp:attachment":[{"href":"https:\/\/sucsucwine.com\/es\/wp-json\/wp\/v2\/media?parent=3156"}],"wp:term":[{"taxonomy":"product_brand","embeddable":true,"href":"https:\/\/sucsucwine.com\/es\/wp-json\/wp\/v2\/product_brand?post=3156"},{"taxonomy":"product_cat","embeddable":true,"href":"https:\/\/sucsucwine.com\/es\/wp-json\/wp\/v2\/product_cat?post=3156"},{"taxonomy":"product_tag","embeddable":true,"href":"https:\/\/sucsucwine.com\/es\/wp-json\/wp\/v2\/product_tag?post=3156"}],"curies":[{"name":"wp","href":"https:\/\/api.w.org\/{rel}","templated":true}]}}